{"id":1321,"date":"2022-03-06T11:56:30","date_gmt":"2022-03-06T10:56:30","guid":{"rendered":"https:\/\/igiemmepackaging.it\/we-wir-sind\/"},"modified":"2023-03-21T16:49:39","modified_gmt":"2023-03-21T15:49:39","slug":"we-wir-sind","status":"publish","type":"page","link":"https:\/\/igiemmepackaging.it\/de\/we-wir-sind\/","title":{"rendered":"We wir sind"},"content":{"rendered":"\n<div class=\"wp-block-columns\">\n<div class=\"wp-block-column\"><div id=\"collapsible-contentbox-block_6226451a09b82\" class=\"igm-contentbox\">\n    <h2 class=\"igm-contentbox-header collapsed\" id=\"igm-contentbox-header-block_6226451a09b82\" type=\"button\" data-bs-toggle=\"collapse\" data-bs-target=\"#igm-contentbox-content-block_6226451a09b82\" aria-expanded=\"false\" aria-controls=\"igm-contentbox-content-block_6226451a09b82\">\n                Qualit\u00e4t    <\/h2>\n    <div id=\"igm-contentbox-content-block_6226451a09b82\" class=\"collapse\" aria-labelledby=\"igm-contentbox-header-block_6226451a09b82\">\n        <p style=\"font-weight: 400;\">Seit nunmehr zwei Generationen setzt sich die Familie Giorgino, unterst\u00fctzt von hochqualifizierten, erfahrenen und aktuellen F\u00fchrungskr\u00e4ften, Managern, Technikern und Arbeitern, daf\u00fcr ein, die Ziele von IGIEMME zu verfolgen und ihren Kunden einen echten Mehrwert bei der Schaffung von zu garantieren exklusive Kartonverpackungen, innovativ und hochwertig, effizient und zuverl\u00e4ssig.<\/p>\n    <\/div>\n<\/div>\n<\/div>\n\n\n\n<div class=\"wp-block-column\"><div id=\"collapsible-contentbox-block_6226453609b83\" class=\"igm-contentbox\">\n    <h2 class=\"igm-contentbox-header collapsed\" id=\"igm-contentbox-header-block_6226453609b83\" type=\"button\" data-bs-toggle=\"collapse\" data-bs-target=\"#igm-contentbox-content-block_6226453609b83\" aria-expanded=\"false\" aria-controls=\"igm-contentbox-content-block_6226453609b83\">\n                Kompetenz    <\/h2>\n    <div id=\"igm-contentbox-content-block_6226453609b83\" class=\"collapse\" aria-labelledby=\"igm-contentbox-header-block_6226453609b83\">\n        <p style=\"font-weight: 400;\">Neben einer Schutzfunktion spielt die Verpackung eine grundlegende Rolle bei der Positionierung eines Produkts am Markt.\u00a0 Wir sind uns unserer Verantwortung bewusst und beraten unsere Kunden daher individuell bei der Auswahl von Formen, Materialien, Farben und\/oder Lacken und vielem mehr.<\/p>\n    <\/div>\n<\/div>\n<\/div>\n\n\n\n<div class=\"wp-block-column\"><div id=\"collapsible-contentbox-block_6226454509b84\" class=\"igm-contentbox\">\n    <h2 class=\"igm-contentbox-header collapsed\" id=\"igm-contentbox-header-block_6226454509b84\" type=\"button\" data-bs-toggle=\"collapse\" data-bs-target=\"#igm-contentbox-content-block_6226454509b84\" aria-expanded=\"false\" aria-controls=\"igm-contentbox-content-block_6226454509b84\">\n                Professionalit\u00e4t    <\/h2>\n    <div id=\"igm-contentbox-content-block_6226454509b84\" class=\"collapse\" aria-labelledby=\"igm-contentbox-header-block_6226454509b84\">\n        <p style=\"font-weight: 400;\">Von der Erstellung des Prototyps bis zur Produktion \u00fcberwachen unsere spezialisierten Techniker mit nachgewiesener Erfahrung in der Papierverarbeitungsbranche jeden Prozess und analysieren die \u00e4sthetischen, funktionellen und strukturellen Anforderungen, um die beste Verpackung f\u00fcr unsere Kunden &#8222;ma\u00dfzuschneidern&#8220;. ihre Daten mit \u00e4u\u00dferster Sorgfalt, um Privatsph\u00e4re und Sicherheit zu gew\u00e4hrleisten .<\/p>\n    <\/div>\n<\/div>\n<\/div>\n<\/div>\n\n\n\n<div class=\"wp-block-columns\">\n<div class=\"wp-block-column\"><div id=\"collapsible-contentbox-block_6228d462b2579\" class=\"igm-contentbox\">\n    <h2 class=\"igm-contentbox-header collapsed\" id=\"igm-contentbox-header-block_6228d462b2579\" type=\"button\" data-bs-toggle=\"collapse\" data-bs-target=\"#igm-contentbox-content-block_6228d462b2579\" aria-expanded=\"false\" aria-controls=\"igm-contentbox-content-block_6228d462b2579\">\n                Effizienz    <\/h2>\n    <div id=\"igm-contentbox-content-block_6228d462b2579\" class=\"collapse\" aria-labelledby=\"igm-contentbox-header-block_6228d462b2579\">\n        <p style=\"font-weight: 400;\">Die Aufmerksamkeit f\u00fcr den Kunden h\u00e4ngt auch von der Geschwindigkeit ab, mit der Bestellungen ausgef\u00fchrt werden.\u00a0 Diese Effizienz ist das Ergebnis einer im Laufe der Zeit erprobten perfekten Organisation mit spezifischen Planungs-, Programmierungs- und Kontrollregeln.<\/p>\n    <\/div>\n<\/div>\n<\/div>\n\n\n\n<div class=\"wp-block-column\"><div id=\"collapsible-contentbox-block_6228d480b257a\" class=\"igm-contentbox\">\n    <h2 class=\"igm-contentbox-header collapsed\" id=\"igm-contentbox-header-block_6228d480b257a\" type=\"button\" data-bs-toggle=\"collapse\" data-bs-target=\"#igm-contentbox-content-block_6228d480b257a\" aria-expanded=\"false\" aria-controls=\"igm-contentbox-content-block_6228d480b257a\">\n                Verf\u00fcgbarkeit    <\/h2>\n    <div id=\"igm-contentbox-content-block_6228d480b257a\" class=\"collapse\" aria-labelledby=\"igm-contentbox-header-block_6228d480b257a\">\n        <div class=\"page\" title=\"Page 2\">\n<div class=\"section\">\n<div class=\"layoutArea\">\n<div class=\"column\">\n<div class=\"page\" title=\"Page 2\">\n<div class=\"layoutArea\">\n<div class=\"column\">\n<p style=\"font-weight: 400;\">Dringlichkeit ergibt sich oft aus unerwarteten Ereignissen.<\/p>\n<p style=\"font-weight: 400;\">\u00a0Um diesem Bedarf gerecht zu werden, haben wir verstanden, wie wichtig es ist, flexible Dienstleistungen (Elastizit\u00e4t der Reaktion auf die Eigenschaften der Kundenbestellung) und zeitnahe Antworten anzubieten, da unvorhergesehene Ereignisse keine Zeitpl\u00e4ne oder Feiertage kennen.<\/p>\n<\/div>\n<\/div>\n<\/div>\n<\/div>\n<\/div>\n<\/div>\n<\/div>\n    <\/div>\n<\/div>\n<\/div>\n<\/div>\n","protected":false},"excerpt":{"rendered":"","protected":false},"author":1,"featured_media":1322,"parent":0,"menu_order":0,"comment_status":"closed","ping_status":"closed","template":"page-about.php","meta":{"footnotes":""},"class_list":["post-1321","page","type-page","status-publish","has-post-thumbnail","hentry"],"yoast_head":"<!-- This site is optimized with the Yoast SEO plugin v26.0 - https:\/\/yoast.com\/wordpress\/plugins\/seo\/ -->\n<title>Cartotecnica Igiemme - We wir sind - Produzione Packaging - Puglia<\/title>\n<meta name=\"description\" content=\"Seit zwei Generationen verfolgt die Familie Giorgino mit Cartotecnica Igiemme das Ziel, qualitativ hochwertige Verpackungen herzustellen.\" \/>\n<meta name=\"robots\" content=\"index, follow, max-snippet:-1, max-image-preview:large, max-video-preview:-1\" \/>\n<link rel=\"canonical\" href=\"https:\/\/igiemmepackaging.it\/de\/we-wir-sind\/\" \/>\n<meta property=\"og:locale\" content=\"de_DE\" \/>\n<meta property=\"og:type\" content=\"article\" \/>\n<meta property=\"og:title\" content=\"Cartotecnica Igiemme - We wir sind - Produzione Packaging - Puglia\" \/>\n<meta property=\"og:description\" content=\"Seit zwei Generationen verfolgt die Familie Giorgino mit Cartotecnica Igiemme das Ziel, qualitativ hochwertige Verpackungen herzustellen.\" \/>\n<meta property=\"og:url\" content=\"https:\/\/igiemmepackaging.it\/de\/we-wir-sind\/\" \/>\n<meta property=\"og:site_name\" content=\"Igiemme\" \/>\n<meta property=\"article:modified_time\" content=\"2023-03-21T15:49:39+00:00\" \/>\n<meta property=\"og:image\" content=\"https:\/\/igiemmepackaging.it\/wp-content\/uploads\/2022\/03\/krakenimages-Y5bvRlcCx8k-unsplash-scaled.jpg\" \/>\n\t<meta property=\"og:image:width\" content=\"1707\" \/>\n\t<meta property=\"og:image:height\" content=\"2560\" \/>\n\t<meta property=\"og:image:type\" content=\"image\/jpeg\" \/>\n<meta name=\"twitter:card\" content=\"summary_large_image\" \/>\n<script type=\"application\/ld+json\" class=\"yoast-schema-graph\">{\"@context\":\"https:\/\/schema.org\",\"@graph\":[{\"@type\":\"WebPage\",\"@id\":\"https:\/\/igiemmepackaging.it\/de\/we-wir-sind\/\",\"url\":\"https:\/\/igiemmepackaging.it\/de\/we-wir-sind\/\",\"name\":\"Cartotecnica Igiemme - We wir sind - Produzione Packaging - Puglia\",\"isPartOf\":{\"@id\":\"https:\/\/igiemmepackaging.it\/de\/#website\"},\"primaryImageOfPage\":{\"@id\":\"https:\/\/igiemmepackaging.it\/de\/we-wir-sind\/#primaryimage\"},\"image\":{\"@id\":\"https:\/\/igiemmepackaging.it\/de\/we-wir-sind\/#primaryimage\"},\"thumbnailUrl\":\"https:\/\/igiemmepackaging.it\/wp-content\/uploads\/2022\/03\/krakenimages-Y5bvRlcCx8k-unsplash-scaled.jpg\",\"datePublished\":\"2022-03-06T10:56:30+00:00\",\"dateModified\":\"2023-03-21T15:49:39+00:00\",\"description\":\"Seit zwei Generationen verfolgt die Familie Giorgino mit Cartotecnica Igiemme das Ziel, qualitativ hochwertige Verpackungen herzustellen.\",\"breadcrumb\":{\"@id\":\"https:\/\/igiemmepackaging.it\/de\/we-wir-sind\/#breadcrumb\"},\"inLanguage\":\"de\",\"potentialAction\":[{\"@type\":\"ReadAction\",\"target\":[\"https:\/\/igiemmepackaging.it\/de\/we-wir-sind\/\"]}]},{\"@type\":\"ImageObject\",\"inLanguage\":\"de\",\"@id\":\"https:\/\/igiemmepackaging.it\/de\/we-wir-sind\/#primaryimage\",\"url\":\"https:\/\/igiemmepackaging.it\/wp-content\/uploads\/2022\/03\/krakenimages-Y5bvRlcCx8k-unsplash-scaled.jpg\",\"contentUrl\":\"https:\/\/igiemmepackaging.it\/wp-content\/uploads\/2022\/03\/krakenimages-Y5bvRlcCx8k-unsplash-scaled.jpg\",\"width\":1707,\"height\":2560},{\"@type\":\"BreadcrumbList\",\"@id\":\"https:\/\/igiemmepackaging.it\/de\/we-wir-sind\/#breadcrumb\",\"itemListElement\":[{\"@type\":\"ListItem\",\"position\":1,\"name\":\"Home\",\"item\":\"https:\/\/igiemmepackaging.it\/de\/\"},{\"@type\":\"ListItem\",\"position\":2,\"name\":\"We wir sind\"}]},{\"@type\":\"WebSite\",\"@id\":\"https:\/\/igiemmepackaging.it\/de\/#website\",\"url\":\"https:\/\/igiemmepackaging.it\/de\/\",\"name\":\"Igiemme\",\"description\":\"Packaging\",\"potentialAction\":[{\"@type\":\"SearchAction\",\"target\":{\"@type\":\"EntryPoint\",\"urlTemplate\":\"https:\/\/igiemmepackaging.it\/de\/?s={search_term_string}\"},\"query-input\":{\"@type\":\"PropertyValueSpecification\",\"valueRequired\":true,\"valueName\":\"search_term_string\"}}],\"inLanguage\":\"de\"}]}<\/script>\n<!-- \/ Yoast SEO plugin. -->","yoast_head_json":{"title":"Cartotecnica Igiemme - We wir sind - Produzione Packaging - Puglia","description":"Seit zwei Generationen verfolgt die Familie Giorgino mit Cartotecnica Igiemme das Ziel, qualitativ hochwertige Verpackungen herzustellen.","robots":{"index":"index","follow":"follow","max-snippet":"max-snippet:-1","max-image-preview":"max-image-preview:large","max-video-preview":"max-video-preview:-1"},"canonical":"https:\/\/igiemmepackaging.it\/de\/we-wir-sind\/","og_locale":"de_DE","og_type":"article","og_title":"Cartotecnica Igiemme - We wir sind - Produzione Packaging - Puglia","og_description":"Seit zwei Generationen verfolgt die Familie Giorgino mit Cartotecnica Igiemme das Ziel, qualitativ hochwertige Verpackungen herzustellen.","og_url":"https:\/\/igiemmepackaging.it\/de\/we-wir-sind\/","og_site_name":"Igiemme","article_modified_time":"2023-03-21T15:49:39+00:00","og_image":[{"width":1707,"height":2560,"url":"https:\/\/igiemmepackaging.it\/wp-content\/uploads\/2022\/03\/krakenimages-Y5bvRlcCx8k-unsplash-scaled.jpg","type":"image\/jpeg"}],"twitter_card":"summary_large_image","schema":{"@context":"https:\/\/schema.org","@graph":[{"@type":"WebPage","@id":"https:\/\/igiemmepackaging.it\/de\/we-wir-sind\/","url":"https:\/\/igiemmepackaging.it\/de\/we-wir-sind\/","name":"Cartotecnica Igiemme - We wir sind - Produzione Packaging - Puglia","isPartOf":{"@id":"https:\/\/igiemmepackaging.it\/de\/#website"},"primaryImageOfPage":{"@id":"https:\/\/igiemmepackaging.it\/de\/we-wir-sind\/#primaryimage"},"image":{"@id":"https:\/\/igiemmepackaging.it\/de\/we-wir-sind\/#primaryimage"},"thumbnailUrl":"https:\/\/igiemmepackaging.it\/wp-content\/uploads\/2022\/03\/krakenimages-Y5bvRlcCx8k-unsplash-scaled.jpg","datePublished":"2022-03-06T10:56:30+00:00","dateModified":"2023-03-21T15:49:39+00:00","description":"Seit zwei Generationen verfolgt die Familie Giorgino mit Cartotecnica Igiemme das Ziel, qualitativ hochwertige Verpackungen herzustellen.","breadcrumb":{"@id":"https:\/\/igiemmepackaging.it\/de\/we-wir-sind\/#breadcrumb"},"inLanguage":"de","potentialAction":[{"@type":"ReadAction","target":["https:\/\/igiemmepackaging.it\/de\/we-wir-sind\/"]}]},{"@type":"ImageObject","inLanguage":"de","@id":"https:\/\/igiemmepackaging.it\/de\/we-wir-sind\/#primaryimage","url":"https:\/\/igiemmepackaging.it\/wp-content\/uploads\/2022\/03\/krakenimages-Y5bvRlcCx8k-unsplash-scaled.jpg","contentUrl":"https:\/\/igiemmepackaging.it\/wp-content\/uploads\/2022\/03\/krakenimages-Y5bvRlcCx8k-unsplash-scaled.jpg","width":1707,"height":2560},{"@type":"BreadcrumbList","@id":"https:\/\/igiemmepackaging.it\/de\/we-wir-sind\/#breadcrumb","itemListElement":[{"@type":"ListItem","position":1,"name":"Home","item":"https:\/\/igiemmepackaging.it\/de\/"},{"@type":"ListItem","position":2,"name":"We wir sind"}]},{"@type":"WebSite","@id":"https:\/\/igiemmepackaging.it\/de\/#website","url":"https:\/\/igiemmepackaging.it\/de\/","name":"Igiemme","description":"Packaging","potentialAction":[{"@type":"SearchAction","target":{"@type":"EntryPoint","urlTemplate":"https:\/\/igiemmepackaging.it\/de\/?s={search_term_string}"},"query-input":{"@type":"PropertyValueSpecification","valueRequired":true,"valueName":"search_term_string"}}],"inLanguage":"de"}]}},"acf":[],"_links":{"self":[{"href":"https:\/\/igiemmepackaging.it\/de\/wp-json\/wp\/v2\/pages\/1321","targetHints":{"allow":["GET"]}}],"collection":[{"href":"https:\/\/igiemmepackaging.it\/de\/wp-json\/wp\/v2\/pages"}],"about":[{"href":"https:\/\/igiemmepackaging.it\/de\/wp-json\/wp\/v2\/types\/page"}],"author":[{"embeddable":true,"href":"https:\/\/igiemmepackaging.it\/de\/wp-json\/wp\/v2\/users\/1"}],"replies":[{"embeddable":true,"href":"https:\/\/igiemmepackaging.it\/de\/wp-json\/wp\/v2\/comments?post=1321"}],"version-history":[{"count":4,"href":"https:\/\/igiemmepackaging.it\/de\/wp-json\/wp\/v2\/pages\/1321\/revisions"}],"predecessor-version":[{"id":1379,"href":"https:\/\/igiemmepackaging.it\/de\/wp-json\/wp\/v2\/pages\/1321\/revisions\/1379"}],"wp:featuredmedia":[{"embeddable":true,"href":"https:\/\/igiemmepackaging.it\/de\/wp-json\/wp\/v2\/media\/1322"}],"wp:attachment":[{"href":"https:\/\/igiemmepackaging.it\/de\/wp-json\/wp\/v2\/media?parent=1321"}],"curies":[{"name":"wp","href":"https:\/\/api.w.org\/{rel}","templated":true}]}}