{"id":1443,"date":"2022-03-04T11:30:40","date_gmt":"2022-03-04T10:30:40","guid":{"rendered":"https:\/\/igiemmepackaging.it\/privacy-policy\/"},"modified":"2025-09-26T11:05:39","modified_gmt":"2025-09-26T09:05:39","slug":"privacy-policy","status":"publish","type":"page","link":"https:\/\/igiemmepackaging.it\/de\/privacy-policy\/","title":{"rendered":"Datenschutzrichtlinie"},"content":{"rendered":"\n<p>IGIEMME Industria Grafica Cartonplastotecnica e Comunicazione Srl ist sich bewusst, dass Sie bei der Bereitstellung personenbezogener Daten auf einen verantwortungsvollen Umgang mit diesen vertrauen . Diese Datenschutzrichtlinie erl\u00e4utert, welche Arten personenbezogener Daten dieses Unternehmen erhebt, wie diese verwendet, weitergegeben und gesch\u00fctzt werden und welche Entscheidungen Sie hinsichtlich der Art und Weise der Weitergabe treffen k\u00f6nnen. Wir bitten Sie daher gem\u00e4\u00df der DSGVO (Datenschutz-Grundverordnung) um sorgf\u00e4ltige Lekt\u00fcre.<\/p>\n\n\n\n<p>Wir m\u00f6chten Sie dar\u00fcber informieren, dass die von Ihnen bereitgestellten personenbezogenen Daten (pers\u00f6nliche und steuerliche Daten) gem\u00e4\u00df der Verordnung (EU) 2016\/679 \u2013 DSGVO in \u00dcbereinstimmung mit den oben genannten Rechtsvorschriften und nach den Grunds\u00e4tzen der Rechtm\u00e4\u00dfigkeit, Fairness, Transparenz und des Schutzes Ihrer Privatsph\u00e4re und Rechte, insbesondere im Hinblick auf Integrit\u00e4t, pers\u00f6nliche Identit\u00e4t und das Recht auf Schutz, verarbeitet werden.<\/p>\n\n\n\n<p><strong>Verantwortlicher<\/strong><\/p>\n\n\n\n<p>Der Datenverantwortliche und Verarbeiter f\u00fcr personenbezogene Daten ist IGIEMME Industria Grafica Cartonplastotecnica e Comunicazione Srl, ein Unternehmen mit der Umsatzsteuer-Identifikationsnummer 03825050754, Sitz in Tuglie (Le) in via G.Palmieri \u2013 ZI \u2013 mit Telefonnummer: 0833-598025 E-Mail: amministrazione@igm-grafiche.it und Pec : igiemmesrl@pec.it.<\/p>\n\n\n\n<p><strong>Verarbeitete Daten<\/strong><\/p>\n\n\n\n<p>IGIEMME Industria Grafica Cartonplastotecnica e Comunicazione Srl verarbeitet die von Ihnen als \u201ebetroffene Person\u201c bereitgestellten personenbezogenen Daten ausschlie\u00dflich im Zusammenhang mit potenziellen oder bestehenden vertraglichen Anforderungen und den daraus resultierenden gesetzlichen, administrativen und steuerlichen Verpflichtungen. Im Allgemeinen handelt es sich dabei um:<\/p>\n\n\n\n<p>\u2022 Name, Firmenname, Steueridentifikationsnummer;<\/p>\n\n\n\n<p>\u2022 Wohnsitz und\/oder Aufenthaltsort;<\/p>\n\n\n\n<p>\u2022 Telefonnummer und E-Mail-Adresse;<\/p>\n\n\n\n<p>\u2022 Bankverbindung;<\/p>\n\n\n\n<p>\u2022 spezifische personenbezogene Daten, die \u201ead hoc\u201c erhoben und ausschlie\u00dflich zu kommerziellen, vertraglichen, administrativen und steuerlichen Zwecken verarbeitet werden.<\/p>\n\n\n\n<p><strong>Zweck der Verarbeitung<\/strong><\/p>\n\n\n\n<p>Ihre personenbezogenen Daten werden zu folgenden Zwecken verarbeitet:<\/p>\n\n\n\n<p>\u2022 Vertr\u00e4ge mit dem Verantwortlichen abschlie\u00dfen;<\/p>\n\n\n\n<p>\u2022 Erf\u00fcllung der vorvertraglichen, vertraglichen, administrativen, steuerlichen und sozialversicherungsrechtlichen Verpflichtungen, die sich aus der bestehenden Beziehung mit dem Verantwortlichen ergeben;<\/p>\n\n\n\n<p>\u2022 kommerzielle Vorschl\u00e4ge in Bezug auf die von diesem Unternehmen angebotenen Produkte und Dienstleistungen formulieren;<\/p>\n\n\n\n<p>\u2022 in der Lage sein, die durch das Gesetz, durch Verordnungen, durch die geltende Gesetzgebung oder durch Anordnungen der verschiedenen Beh\u00f6rden festgelegten Verpflichtungen zu erf\u00fcllen;<\/p>\n\n\n\n<p>\u2022 Aus\u00fcbung der legitimen Rechte des Verantwortlichen. Die personenbezogenen Daten der Benutzer, die \u00fcber unsere Website https:\/\/www.igiemmepackaging.it\/ Informationsmaterialien (kommerzielle oder technische Mitteilungen, Newsletter usw.) anfordern, werden ausschlie\u00dflich f\u00fcr die in den entsprechenden Abschnitten der Website bereitgestellten Informationen angegebenen Zwecke verwendet und d\u00fcrfen nur dann an Dritte weitergegeben werden, wenn dies zu diesem Zweck erforderlich ist (z. B. f\u00fcr die Zustellung von Dokumenten und\/oder E-Mails an Dritte).<\/p>\n\n\n\n<p><strong>Behandlungsmethoden<\/strong><\/p>\n\n\n\n<p>Die Datenverarbeitung zu den genannten Zwecken erfolgt sowohl mit automatisierten Methoden auf elektronischen oder magnetischen Datentr\u00e4gern als auch mit nicht automatisierten Methoden auf Papier und unter Einhaltung der gesetzlich festgelegten Vertraulichkeits- und Sicherheitsvorschriften sowie der daraus resultierenden Verordnungen und internen Bestimmungen.<\/p>\n\n\n\n<p><strong>Aufbewahrung Ihrer personenbezogenen Daten<\/strong><\/p>\n\n\n\n<p>Ihre Daten werden rechtm\u00e4\u00dfig, fair und transparent verarbeitet. Sie werden f\u00fcr bestimmte, eindeutige und legitime Zwecke erhoben und in einer Weise verarbeitet, die mit dem Zweck, f\u00fcr den sie erhoben wurden, vereinbar ist. Ihre Daten werden an unserem Hauptsitz in Tuglie (Lecce), Via G. Palmieri \u2013 ZI \u2013 in Papierarchiven verarbeitet. Sie gelten als angemessen, relevant und auf die Zwecke beschr\u00e4nkt, f\u00fcr die sie erhoben wurden. Sie werden umgehend aktualisiert, gel\u00f6scht oder berichtigt, um ihre Richtigkeit sicherzustellen, und nur f\u00fcr einen Zeitraum gespeichert, der den Zweck ihrer Erhebung nicht \u00fcberschreitet. Der Verantwortliche speichert Ihre personenbezogenen Daten so lange, wie es zur Erf\u00fcllung der Zwecke, f\u00fcr die sie erhoben wurden, erforderlich ist, und in jedem Fall nicht l\u00e4nger als 10 Jahre nach Vertragsende, unbeschadet etwaiger Zahlungsverzug, der eine Verl\u00e4ngerung rechtfertigt. Nach Ablauf dieser Frist werden Ihre Daten endg\u00fcltig gel\u00f6scht. Ihre Daten k\u00f6nnen, stets im Rahmen der Zwecke, f\u00fcr die sie erhoben wurden, weitergegeben werden:<\/p>\n\n\n\n<p>\u2022 an Mitarbeiter und Mitarbeiter des Datenverantwortlichen in ihrer Eigenschaft als Datenverarbeiter im Rahmen ihrer Aufgaben und unter Einhaltung der Grunds\u00e4tze der absoluten Vertraulichkeit;<\/p>\n\n\n\n<p>\u2022 an Bankinstitute zur Verwaltung von Einz\u00fcgen und Zahlungen;<\/p>\n\n\n\n<p>\u2022 an Verwaltungs- und Steuerberater sowie Rechtsberater unter vollst\u00e4ndiger Einhaltung der Grunds\u00e4tze der absoluten Vertraulichkeit im Rahmen der f\u00fcr die Erf\u00fcllung ihrer Aufgaben erforderlichen Grenzen;&nbsp;<br>\u2022 an Unternehmen und Anwaltskanzleien zum Schutz, auch pr\u00e4ventiv, vertraglicher Rechte.<\/p>\n\n\n\n<p><strong>Sicherheit und Weitergabe personenbezogener Daten<\/strong><\/p>\n\n\n\n<p>Ihre Daten werden in einer Weise verarbeitet, die eine angemessene Sicherheit gew\u00e4hrleistet, einschlie\u00dflich des Schutzes durch geeignete technische und organisatorische Ma\u00dfnahmen, um sie vor unbefugter oder unrechtm\u00e4\u00dfiger Verarbeitung sowie vor unbeabsichtigtem Verlust, Zerst\u00f6rung oder Besch\u00e4digung zu sch\u00fctzen.<\/p>\n\n\n\n<p><strong>Weitergabe von Daten an Dritte<\/strong><\/p>\n\n\n\n<p>Sofern im Abschnitt \u201eSicherheit und \u00dcbermittlung personenbezogener Daten\u201c nichts anderes bestimmt ist, werden Ihre Daten nicht weitergegeben. Ihre personenbezogenen Daten werden nur dann an die zust\u00e4ndigen Beh\u00f6rden weitergegeben, wenn IGIEMME Industria Grafica Cartonplastotecnica e Comunicazione Srl gesetzlich dazu verpflichtet ist. Dar\u00fcber hinaus d\u00fcrfen Ihre Daten, sofern nicht ausdr\u00fccklich von bestimmten Beh\u00f6rden verlangt, nur an Partnerempf\u00e4nger mit Sitz in L\u00e4ndern der Europ\u00e4ischen Union oder Partnerempf\u00e4nger mit Sitz in L\u00e4ndern au\u00dferhalb der EU-EWR weitergegeben werden, sofern diese durch ihre Registrierung beim Privacy Shield ein dem europ\u00e4ischen Niveau angemessenes Datenschutzniveau gew\u00e4hrleisten.<\/p>\n\n\n\n<p><strong>Rechte der betroffenen Person<\/strong><\/p>\n\n\n\n<p>Als betroffene Partei haben Sie jederzeit das uneingeschr\u00e4nkte Recht, die in der DSGVO vorgesehenen Rechte (Art. 15, Art. 16, Art. 17, Art. 18 und Art. 20) auszu\u00fcben, darunter Folgendes:&nbsp;<br>\u2022 eine Best\u00e4tigung \u00fcber das Vorhandensein Ihrer personenbezogenen Daten zu erhalten und Zugriff auf deren Inhalt zu verlangen;<\/p>\n\n\n\n<p>\u2022 die Aktualisierung, \u00c4nderung oder Korrektur Ihrer personenbezogenen Daten verlangen;<\/p>\n\n\n\n<p>\u2022 die L\u00f6schung, Anonymisierung oder Sperrung Ihrer Daten zu verlangen, wenn Sie der Ansicht sind, dass die Verarbeitung gegen das Gesetz verst\u00f6\u00dft;<\/p>\n\n\n\n<p>\u2022 die Einschr\u00e4nkung der Verarbeitung verlangen;<\/p>\n\n\n\n<p>\u2022 aus berechtigten Gr\u00fcnden Widerspruch gegen die Verarbeitung einlegen;<\/p>\n\n\n\n<p>\u2022 eine Kopie der bereitgestellten Daten zu erhalten und die \u00dcbermittlung dieser Daten an einen anderen Datenverantwortlichen zu verlangen.<\/p>\n\n\n\n<p>Um eines oder mehrere der oben aufgef\u00fchrten Rechte auszu\u00fcben, k\u00f6nnen Sie eine spezielle Anfrage senden: per Einschreiben mit R\u00fcckschein an IGIEMME Industria Grafica Cartonplastotecnica e Comunicazione Srl \u2013 Via G. Palmieri \u2013 ZI \u2013 73058 Tuglie (Le) oder per E-Mail an die zertifizierte E-Mail-Adresse : igiemmesrl@pec.it.<\/p>\n\n\n\n<p><strong>Pflichten des Interessenten<\/strong><\/p>\n\n\n\n<p>Die Bereitstellung Ihrer personenbezogenen Daten ist eine notwendige Voraussetzung f\u00fcr den Abschluss des Vertrags. Wenn Sie die Verarbeitung Ihrer Daten nicht genehmigen, ist es unm\u00f6glich, einen Vertrag zwischen den Parteien abzuschlie\u00dfen oder abzuschlie\u00dfen. Verantwortlicher f\u00fcr die Datenverarbeitung ist IGIEMME Industria Grafica Cartonplastotecnica e Comunicazione Srl<\/p>\n","protected":false},"excerpt":{"rendered":"<p>IGIEMME Industria Grafica Cartonplastotecnica e Comunicazione Srl ist sich bewusst, dass Sie bei der Bereitstellung personenbezogener Daten auf einen verantwortungsvollen Umgang mit diesen vertrauen . Diese Datenschutzrichtlinie erl\u00e4utert, welche Arten personenbezogener Daten dieses Unternehmen erhebt, wie diese verwendet, weitergegeben und gesch\u00fctzt werden und welche Entscheidungen Sie hinsichtlich der Art und Weise der Weitergabe treffen k\u00f6nnen. [&hellip;]<\/p>\n","protected":false},"author":1,"featured_media":0,"parent":0,"menu_order":0,"comment_status":"closed","ping_status":"open","template":"","meta":{"footnotes":""},"class_list":["post-1443","page","type-page","status-publish","hentry"],"yoast_head":"<!-- This site is optimized with the Yoast SEO plugin v26.0 - https:\/\/yoast.com\/wordpress\/plugins\/seo\/ -->\n<title>Datenschutzrichtlinie - Igiemme<\/title>\n<meta name=\"robots\" content=\"index, follow, max-snippet:-1, max-image-preview:large, max-video-preview:-1\" \/>\n<link rel=\"canonical\" href=\"https:\/\/igiemmepackaging.it\/de\/privacy-policy\/\" \/>\n<meta property=\"og:locale\" content=\"de_DE\" \/>\n<meta property=\"og:type\" content=\"article\" \/>\n<meta property=\"og:title\" content=\"Datenschutzrichtlinie - Igiemme\" \/>\n<meta property=\"og:description\" content=\"IGIEMME Industria Grafica Cartonplastotecnica e Comunicazione Srl ist sich bewusst, dass Sie bei der Bereitstellung personenbezogener Daten auf einen verantwortungsvollen Umgang mit diesen vertrauen . Diese Datenschutzrichtlinie erl\u00e4utert, welche Arten personenbezogener Daten dieses Unternehmen erhebt, wie diese verwendet, weitergegeben und gesch\u00fctzt werden und welche Entscheidungen Sie hinsichtlich der Art und Weise der Weitergabe treffen k\u00f6nnen. [&hellip;]\" \/>\n<meta property=\"og:url\" content=\"https:\/\/igiemmepackaging.it\/de\/privacy-policy\/\" \/>\n<meta property=\"og:site_name\" content=\"Igiemme\" \/>\n<meta property=\"article:modified_time\" content=\"2025-09-26T09:05:39+00:00\" \/>\n<meta name=\"twitter:card\" content=\"summary_large_image\" \/>\n<meta name=\"twitter:label1\" content=\"Gesch\u00e4tzte Lesezeit\" \/>\n\t<meta name=\"twitter:data1\" content=\"6\u00a0Minuten\" \/>\n<script type=\"application\/ld+json\" class=\"yoast-schema-graph\">{\"@context\":\"https:\/\/schema.org\",\"@graph\":[{\"@type\":\"WebPage\",\"@id\":\"https:\/\/igiemmepackaging.it\/de\/privacy-policy\/\",\"url\":\"https:\/\/igiemmepackaging.it\/de\/privacy-policy\/\",\"name\":\"Datenschutzrichtlinie - Igiemme\",\"isPartOf\":{\"@id\":\"https:\/\/igiemmepackaging.it\/de\/#website\"},\"datePublished\":\"2022-03-04T10:30:40+00:00\",\"dateModified\":\"2025-09-26T09:05:39+00:00\",\"breadcrumb\":{\"@id\":\"https:\/\/igiemmepackaging.it\/de\/privacy-policy\/#breadcrumb\"},\"inLanguage\":\"de\",\"potentialAction\":[{\"@type\":\"ReadAction\",\"target\":[\"https:\/\/igiemmepackaging.it\/de\/privacy-policy\/\"]}]},{\"@type\":\"BreadcrumbList\",\"@id\":\"https:\/\/igiemmepackaging.it\/de\/privacy-policy\/#breadcrumb\",\"itemListElement\":[{\"@type\":\"ListItem\",\"position\":1,\"name\":\"Home\",\"item\":\"https:\/\/igiemmepackaging.it\/de\/\"},{\"@type\":\"ListItem\",\"position\":2,\"name\":\"Datenschutzrichtlinie\"}]},{\"@type\":\"WebSite\",\"@id\":\"https:\/\/igiemmepackaging.it\/de\/#website\",\"url\":\"https:\/\/igiemmepackaging.it\/de\/\",\"name\":\"Igiemme\",\"description\":\"Packaging\",\"potentialAction\":[{\"@type\":\"SearchAction\",\"target\":{\"@type\":\"EntryPoint\",\"urlTemplate\":\"https:\/\/igiemmepackaging.it\/de\/?s={search_term_string}\"},\"query-input\":{\"@type\":\"PropertyValueSpecification\",\"valueRequired\":true,\"valueName\":\"search_term_string\"}}],\"inLanguage\":\"de\"}]}<\/script>\n<!-- \/ Yoast SEO plugin. -->","yoast_head_json":{"title":"Datenschutzrichtlinie - Igiemme","robots":{"index":"index","follow":"follow","max-snippet":"max-snippet:-1","max-image-preview":"max-image-preview:large","max-video-preview":"max-video-preview:-1"},"canonical":"https:\/\/igiemmepackaging.it\/de\/privacy-policy\/","og_locale":"de_DE","og_type":"article","og_title":"Datenschutzrichtlinie - Igiemme","og_description":"IGIEMME Industria Grafica Cartonplastotecnica e Comunicazione Srl ist sich bewusst, dass Sie bei der Bereitstellung personenbezogener Daten auf einen verantwortungsvollen Umgang mit diesen vertrauen . Diese Datenschutzrichtlinie erl\u00e4utert, welche Arten personenbezogener Daten dieses Unternehmen erhebt, wie diese verwendet, weitergegeben und gesch\u00fctzt werden und welche Entscheidungen Sie hinsichtlich der Art und Weise der Weitergabe treffen k\u00f6nnen. [&hellip;]","og_url":"https:\/\/igiemmepackaging.it\/de\/privacy-policy\/","og_site_name":"Igiemme","article_modified_time":"2025-09-26T09:05:39+00:00","twitter_card":"summary_large_image","twitter_misc":{"Gesch\u00e4tzte Lesezeit":"6\u00a0Minuten"},"schema":{"@context":"https:\/\/schema.org","@graph":[{"@type":"WebPage","@id":"https:\/\/igiemmepackaging.it\/de\/privacy-policy\/","url":"https:\/\/igiemmepackaging.it\/de\/privacy-policy\/","name":"Datenschutzrichtlinie - Igiemme","isPartOf":{"@id":"https:\/\/igiemmepackaging.it\/de\/#website"},"datePublished":"2022-03-04T10:30:40+00:00","dateModified":"2025-09-26T09:05:39+00:00","breadcrumb":{"@id":"https:\/\/igiemmepackaging.it\/de\/privacy-policy\/#breadcrumb"},"inLanguage":"de","potentialAction":[{"@type":"ReadAction","target":["https:\/\/igiemmepackaging.it\/de\/privacy-policy\/"]}]},{"@type":"BreadcrumbList","@id":"https:\/\/igiemmepackaging.it\/de\/privacy-policy\/#breadcrumb","itemListElement":[{"@type":"ListItem","position":1,"name":"Home","item":"https:\/\/igiemmepackaging.it\/de\/"},{"@type":"ListItem","position":2,"name":"Datenschutzrichtlinie"}]},{"@type":"WebSite","@id":"https:\/\/igiemmepackaging.it\/de\/#website","url":"https:\/\/igiemmepackaging.it\/de\/","name":"Igiemme","description":"Packaging","potentialAction":[{"@type":"SearchAction","target":{"@type":"EntryPoint","urlTemplate":"https:\/\/igiemmepackaging.it\/de\/?s={search_term_string}"},"query-input":{"@type":"PropertyValueSpecification","valueRequired":true,"valueName":"search_term_string"}}],"inLanguage":"de"}]}},"acf":[],"_links":{"self":[{"href":"https:\/\/igiemmepackaging.it\/de\/wp-json\/wp\/v2\/pages\/1443","targetHints":{"allow":["GET"]}}],"collection":[{"href":"https:\/\/igiemmepackaging.it\/de\/wp-json\/wp\/v2\/pages"}],"about":[{"href":"https:\/\/igiemmepackaging.it\/de\/wp-json\/wp\/v2\/types\/page"}],"author":[{"embeddable":true,"href":"https:\/\/igiemmepackaging.it\/de\/wp-json\/wp\/v2\/users\/1"}],"replies":[{"embeddable":true,"href":"https:\/\/igiemmepackaging.it\/de\/wp-json\/wp\/v2\/comments?post=1443"}],"version-history":[{"count":1,"href":"https:\/\/igiemmepackaging.it\/de\/wp-json\/wp\/v2\/pages\/1443\/revisions"}],"predecessor-version":[{"id":3158,"href":"https:\/\/igiemmepackaging.it\/de\/wp-json\/wp\/v2\/pages\/1443\/revisions\/3158"}],"wp:attachment":[{"href":"https:\/\/igiemmepackaging.it\/de\/wp-json\/wp\/v2\/media?parent=1443"}],"curies":[{"name":"wp","href":"https:\/\/api.w.org\/{rel}","templated":true}]}}