{"id":3163,"date":"2024-04-12T11:09:46","date_gmt":"2024-04-12T09:09:46","guid":{"rendered":"https:\/\/igiemmepackaging.it\/industrielle-verpackung\/"},"modified":"2025-09-26T14:21:01","modified_gmt":"2025-09-26T12:21:01","slug":"industrielle-verpackung","status":"publish","type":"page","link":"https:\/\/igiemmepackaging.it\/de\/industrielle-verpackung\/","title":{"rendered":"Industrielle Verpackung"},"content":{"rendered":"\n<section class=\"landing-categories\">\n    <div class=\"row\">\n                    <div class=\"col-sm-6 col-lg-3\">\n                <div class=\"card\" style=\"background-image: url(https:\/\/igiemmepackaging.it\/wp-content\/uploads\/2024\/05\/Espositori-1024x1024.png)\">\n                    <div class=\"card-body\">\n                        <a href=\"#displays\" class=\"stretched-link scroll-to\" title=\"Displays\">Displays<\/a>\n                    <\/div>\n                <\/div>\n            <\/div>\n                    <div class=\"col-sm-6 col-lg-3\">\n                <div class=\"card\" style=\"background-image: url(https:\/\/igiemmepackaging.it\/wp-content\/uploads\/2024\/05\/Imballi-1024x1024.png)\">\n                    <div class=\"card-body\">\n                        <a href=\"#verpackung\" class=\"stretched-link scroll-to\" title=\"Verpackung\">Verpackung<\/a>\n                    <\/div>\n                <\/div>\n            <\/div>\n                    <div class=\"col-sm-6 col-lg-3\">\n                <div class=\"card\" style=\"background-image: url(https:\/\/igiemmepackaging.it\/wp-content\/uploads\/2024\/05\/Astucci-1024x1024.png)\">\n                    <div class=\"card-body\">\n                        <a href=\"#schachteln\" class=\"stretched-link scroll-to\" title=\"Schachteln\">Schachteln<\/a>\n                    <\/div>\n                <\/div>\n            <\/div>\n                    <div class=\"col-sm-6 col-lg-3\">\n                <div class=\"card\" style=\"background-image: url(https:\/\/igiemmepackaging.it\/wp-content\/uploads\/2024\/05\/Appendini-1024x1024.png)\">\n                    <div class=\"card-body\">\n                        <a href=\"#aufhanger\" class=\"stretched-link scroll-to\" title=\"Aufh\u00e4nger\">Aufh\u00e4nger<\/a>\n                    <\/div>\n                <\/div>\n            <\/div>\n            <\/div>\n<\/section>\n\n\n\n<div style=\"height:300px\" aria-hidden=\"true\" class=\"wp-block-spacer\"><\/div>\n\n\n\n<div class=\"wp-block-columns\">\n<div class=\"wp-block-column\"><div id=\"displays\" class=\"igm-contentbox\">\n    <h2 class=\"igm-contentbox-header collapsed\" id=\"igm-contentbox-header-block_66190040d2cc8\" type=\"button\" data-bs-toggle=\"collapse\" data-bs-target=\"#igm-contentbox-content-block_66190040d2cc8\" aria-expanded=\"false\" aria-controls=\"igm-contentbox-content-block_66190040d2cc8\">\n                Displays    <\/h2>\n    <div id=\"igm-contentbox-content-block_66190040d2cc8\" class=\"collapse\" aria-labelledby=\"igm-contentbox-header-block_66190040d2cc8\">\n        <p>Setzen Sie Ihre Industrieprodukte mit unseren Karton-Displays in Szene. Vielseitig und umweltfreundlich sorgen sie f\u00fcr eine professionelle und nachhaltige Pr\u00e4sentation. Maximieren Sie die visuelle Wirkung Ihrer Produkte mit ma\u00dfgeschneiderten, hochwertigen L\u00f6sungen.<\/p>\n    <\/div>\n<\/div>\n<\/div>\n\n\n\n<div class=\"wp-block-column\"><aside id=\"banner-contact-block_6618fe2438efd\" class=\"banner-contact\">\n    <h4>\n        M\u00f6chten Sie weitere Informationen zu diesem Produkt?    <\/h4>\n    <a class=\"scroll-to btn btn-outline-dark\" data-bs-toggle=\"collapse\" href=\"#collapseContactform\" aria-expanded=\"false\" aria-controls=\"collapseContactform\">Kontaktiere uns<\/a>\n<\/aside>\n<\/div>\n<\/div>\n\n\n\n<div style=\"height:100px\" aria-hidden=\"true\" class=\"wp-block-spacer\"><\/div>\n\n\n\n            <section class=\"simple-carousel block-carousel\">\n            <div class=\"swiper\">\n                <div class=\"swiper-wrapper\">\n                                            <div class=\"swiper-slide\">\n                                                            <img decoding=\"async\" src=\"https:\/\/igiemmepackaging.it\/wp-content\/uploads\/2024\/05\/Espositore_178_bottiglie.png\" \/>\n                                                    <\/div>\n                                            <div class=\"swiper-slide\">\n                                                            <img decoding=\"async\" src=\"https:\/\/igiemmepackaging.it\/wp-content\/uploads\/2024\/05\/Espositore_Agrinsalento.png\" \/>\n                                                    <\/div>\n                                            <div class=\"swiper-slide\">\n                                                            <img decoding=\"async\" src=\"https:\/\/igiemmepackaging.it\/wp-content\/uploads\/2024\/05\/Display_da_banco.png\" \/>\n                                                    <\/div>\n                                    <\/div>\n            <\/div>\n        <\/section>\n    \n\n\n<div style=\"height:100px\" aria-hidden=\"true\" class=\"wp-block-spacer\"><\/div>\n\n\n\n<div class=\"wp-block-columns\">\n<div class=\"wp-block-column\"><div id=\"verpackung\" class=\"igm-contentbox\">\n    <h2 class=\"igm-contentbox-header collapsed\" id=\"igm-contentbox-header-block_66190024d2cc7\" type=\"button\" data-bs-toggle=\"collapse\" data-bs-target=\"#igm-contentbox-content-block_66190024d2cc7\" aria-expanded=\"false\" aria-controls=\"igm-contentbox-content-block_66190024d2cc7\">\n                Verpackung    <\/h2>\n    <div id=\"igm-contentbox-content-block_66190024d2cc7\" class=\"collapse\" aria-labelledby=\"igm-contentbox-header-block_66190024d2cc7\">\n        <p>Unsere Karton-Versandverpackungen vereinen Stabilit\u00e4t und Vielseitigkeit, um w\u00e4hrend Transport und Lagerung einen zuverl\u00e4ssigen Schutz Ihrer Industrieprodukte zu gew\u00e4hrleisten. Mit unseren Verpackungen sichern Sie sich eine professionelle Pr\u00e4sentation und ein effizientes Logistikmanagement.<\/p>\n    <\/div>\n<\/div>\n<\/div>\n\n\n\n<div class=\"wp-block-column\"><aside id=\"banner-contact-block_6618fe2438efd\" class=\"banner-contact\">\n    <h4>\n        M\u00f6chten Sie weitere Informationen zu diesem Produkt?    <\/h4>\n    <a class=\"scroll-to btn btn-outline-dark\" data-bs-toggle=\"collapse\" href=\"#collapseContactform\" aria-expanded=\"false\" aria-controls=\"collapseContactform\">Kontaktiere uns<\/a>\n<\/aside>\n<\/div>\n<\/div>\n\n\n\n<div style=\"height:100px\" aria-hidden=\"true\" class=\"wp-block-spacer\"><\/div>\n\n\n\n            <section class=\"simple-carousel block-carousel\">\n            <div class=\"swiper\">\n                <div class=\"swiper-wrapper\">\n                                            <div class=\"swiper-slide\">\n                                                            <img decoding=\"async\" src=\"https:\/\/igiemmepackaging.it\/wp-content\/uploads\/2024\/05\/Valigetta_327x250x140.png\" \/>\n                                                    <\/div>\n                                            <div class=\"swiper-slide\">\n                                                            <img decoding=\"async\" src=\"https:\/\/igiemmepackaging.it\/wp-content\/uploads\/2024\/05\/Scatola-microonda-165x105x60.png\" \/>\n                                                    <\/div>\n                                            <div class=\"swiper-slide\">\n                                                            <img decoding=\"async\" src=\"https:\/\/igiemmepackaging.it\/wp-content\/uploads\/2024\/05\/Ecommerce.png\" \/>\n                                                    <\/div>\n                                            <div class=\"swiper-slide\">\n                                                            <img decoding=\"async\" src=\"https:\/\/igiemmepackaging.it\/wp-content\/uploads\/2024\/05\/Imballo_alveare_a_scatto.png\" \/>\n                                                    <\/div>\n                                    <\/div>\n            <\/div>\n        <\/section>\n    \n\n\n<div style=\"height:100px\" aria-hidden=\"true\" class=\"wp-block-spacer\"><\/div>\n\n\n\n<div class=\"wp-block-columns\">\n<div class=\"wp-block-column\"><div id=\"schachteln\" class=\"igm-contentbox\">\n    <h2 class=\"igm-contentbox-header collapsed\" id=\"igm-contentbox-header-block_66190181faef5\" type=\"button\" data-bs-toggle=\"collapse\" data-bs-target=\"#igm-contentbox-content-block_66190181faef5\" aria-expanded=\"false\" aria-controls=\"igm-contentbox-content-block_66190181faef5\">\n                Schachteln    <\/h2>\n    <div id=\"igm-contentbox-content-block_66190181faef5\" class=\"collapse\" aria-labelledby=\"igm-contentbox-header-block_66190181faef5\">\n        <p>Halten Sie Ihre Industrieprodukte mit unseren hochwertigen Aufh\u00e4ngern ordentlich und pr\u00e4sentationsbereit. F\u00fcr Stabilit\u00e4t und Funktionalit\u00e4t entwickelt, bieten unsere Aufh\u00e4nger eine effiziente M\u00f6glichkeit, Ihre Produkte sicher und professionell auszustellen und zu lagern.<\/p>\n    <\/div>\n<\/div>\n<\/div>\n\n\n\n<div class=\"wp-block-column\"><aside id=\"banner-contact-block_6618fe2438efd\" class=\"banner-contact\">\n    <h4>\n        M\u00f6chten Sie weitere Informationen zu diesem Produkt?    <\/h4>\n    <a class=\"scroll-to btn btn-outline-dark\" data-bs-toggle=\"collapse\" href=\"#collapseContactform\" aria-expanded=\"false\" aria-controls=\"collapseContactform\">Kontaktiere uns<\/a>\n<\/aside>\n<\/div>\n<\/div>\n\n\n\n<div style=\"height:100px\" aria-hidden=\"true\" class=\"wp-block-spacer\"><\/div>\n\n\n\n            <section class=\"simple-carousel block-carousel\">\n            <div class=\"swiper\">\n                <div class=\"swiper-wrapper\">\n                                            <div class=\"swiper-slide\">\n                                                            <img decoding=\"async\" src=\"https:\/\/igiemmepackaging.it\/wp-content\/uploads\/2024\/05\/Astuccio_semplice-1.png\" \/>\n                                                    <\/div>\n                                            <div class=\"swiper-slide\">\n                                                            <img decoding=\"async\" src=\"https:\/\/igiemmepackaging.it\/wp-content\/uploads\/2024\/05\/Astuccio_Coda_di_Rondine-1.png\" \/>\n                                                    <\/div>\n                                    <\/div>\n            <\/div>\n        <\/section>\n    \n\n\n<div style=\"height:100px\" aria-hidden=\"true\" class=\"wp-block-spacer\"><\/div>\n\n\n\n<div class=\"wp-block-columns\">\n<div class=\"wp-block-column\"><div id=\"aufhanger\" class=\"igm-contentbox\">\n    <h2 class=\"igm-contentbox-header collapsed\" id=\"igm-contentbox-header-block_6619027dfaef7\" type=\"button\" data-bs-toggle=\"collapse\" data-bs-target=\"#igm-contentbox-content-block_6619027dfaef7\" aria-expanded=\"false\" aria-controls=\"igm-contentbox-content-block_6619027dfaef7\">\n                Aufh\u00e4nger    <\/h2>\n    <div id=\"igm-contentbox-content-block_6619027dfaef7\" class=\"collapse\" aria-labelledby=\"igm-contentbox-header-block_6619027dfaef7\">\n        <p>Halten Sie Ihre Industrieprodukte mit unseren hochwertigen Aufh\u00e4ngern ordentlich und pr\u00e4sentationsbereit. F\u00fcr Stabilit\u00e4t und Funktionalit\u00e4t entwickelt, bieten unsere Aufh\u00e4nger eine effiziente M\u00f6glichkeit, Ihre Produkte sicher und professionell auszustellen und zu lagern.<\/p>\n    <\/div>\n<\/div>\n<\/div>\n\n\n\n<div class=\"wp-block-column\"><aside id=\"banner-contact-block_6618fe2438efd\" class=\"banner-contact\">\n    <h4>\n        M\u00f6chten Sie weitere Informationen zu diesem Produkt?    <\/h4>\n    <a class=\"scroll-to btn btn-outline-dark\" data-bs-toggle=\"collapse\" href=\"#collapseContactform\" aria-expanded=\"false\" aria-controls=\"collapseContactform\">Kontaktiere uns<\/a>\n<\/aside>\n<\/div>\n<\/div>\n\n\n\n<div style=\"height:100px\" aria-hidden=\"true\" class=\"wp-block-spacer\"><\/div>\n\n\n\n            <section class=\"simple-carousel block-carousel\">\n            <div class=\"swiper\">\n                <div class=\"swiper-wrapper\">\n                                            <div class=\"swiper-slide\">\n                                                            <img decoding=\"async\" src=\"https:\/\/igiemmepackaging.it\/wp-content\/uploads\/2024\/05\/Cartellino_5-1.png\" \/>\n                                                    <\/div>\n                                            <div class=\"swiper-slide\">\n                                                            <img decoding=\"async\" src=\"https:\/\/igiemmepackaging.it\/wp-content\/uploads\/2024\/05\/Cartellino_4-1.png\" \/>\n                                                    <\/div>\n                                            <div class=\"swiper-slide\">\n                                                            <img decoding=\"async\" src=\"https:\/\/igiemmepackaging.it\/wp-content\/uploads\/2024\/05\/Cartellino_3-1.png\" \/>\n                                                    <\/div>\n                                            <div class=\"swiper-slide\">\n                                                            <img decoding=\"async\" src=\"https:\/\/igiemmepackaging.it\/wp-content\/uploads\/2024\/05\/Cartellino_2-1.png\" \/>\n                                                    <\/div>\n                                            <div class=\"swiper-slide\">\n                                                            <img decoding=\"async\" src=\"https:\/\/igiemmepackaging.it\/wp-content\/uploads\/2024\/05\/Cartellino_1-1.png\" \/>\n                                                    <\/div>\n                                    <\/div>\n            <\/div>\n        <\/section>\n    ","protected":false},"excerpt":{"rendered":"","protected":false},"author":2,"featured_media":2585,"parent":0,"menu_order":0,"comment_status":"closed","ping_status":"closed","template":"page-landing.php","meta":{"footnotes":""},"class_list":["post-3163","page","type-page","status-publish","has-post-thumbnail","hentry"],"yoast_head":"<!-- This site is optimized with the Yoast SEO plugin v26.0 - https:\/\/yoast.com\/wordpress\/plugins\/seo\/ -->\n<title>Industrielle Verpackung - Igiemme<\/title>\n<meta name=\"robots\" content=\"index, follow, max-snippet:-1, max-image-preview:large, max-video-preview:-1\" \/>\n<link rel=\"canonical\" href=\"https:\/\/igiemmepackaging.it\/de\/industrielle-verpackung\/\" \/>\n<meta property=\"og:locale\" content=\"de_DE\" \/>\n<meta property=\"og:type\" content=\"article\" \/>\n<meta property=\"og:title\" content=\"Industrielle Verpackung - Igiemme\" \/>\n<meta property=\"og:url\" content=\"https:\/\/igiemmepackaging.it\/de\/industrielle-verpackung\/\" \/>\n<meta property=\"og:site_name\" content=\"Igiemme\" \/>\n<meta property=\"article:modified_time\" content=\"2025-09-26T12:21:01+00:00\" \/>\n<meta property=\"og:image\" content=\"https:\/\/igiemmepackaging.it\/wp-content\/uploads\/2024\/06\/IndustrialPack.jpg\" \/>\n\t<meta property=\"og:image:width\" content=\"2000\" \/>\n\t<meta property=\"og:image:height\" content=\"857\" \/>\n\t<meta property=\"og:image:type\" content=\"image\/jpeg\" \/>\n<meta name=\"twitter:card\" content=\"summary_large_image\" \/>\n<meta name=\"twitter:label1\" content=\"Gesch\u00e4tzte Lesezeit\" \/>\n\t<meta name=\"twitter:data1\" content=\"1\u00a0Minute\" \/>\n<script type=\"application\/ld+json\" class=\"yoast-schema-graph\">{\"@context\":\"https:\/\/schema.org\",\"@graph\":[{\"@type\":\"WebPage\",\"@id\":\"https:\/\/igiemmepackaging.it\/de\/industrielle-verpackung\/\",\"url\":\"https:\/\/igiemmepackaging.it\/de\/industrielle-verpackung\/\",\"name\":\"Industrielle Verpackung - Igiemme\",\"isPartOf\":{\"@id\":\"https:\/\/igiemmepackaging.it\/de\/#website\"},\"primaryImageOfPage\":{\"@id\":\"https:\/\/igiemmepackaging.it\/de\/industrielle-verpackung\/#primaryimage\"},\"image\":{\"@id\":\"https:\/\/igiemmepackaging.it\/de\/industrielle-verpackung\/#primaryimage\"},\"thumbnailUrl\":\"https:\/\/igiemmepackaging.it\/wp-content\/uploads\/2024\/06\/IndustrialPack.jpg\",\"datePublished\":\"2024-04-12T09:09:46+00:00\",\"dateModified\":\"2025-09-26T12:21:01+00:00\",\"breadcrumb\":{\"@id\":\"https:\/\/igiemmepackaging.it\/de\/industrielle-verpackung\/#breadcrumb\"},\"inLanguage\":\"de\",\"potentialAction\":[{\"@type\":\"ReadAction\",\"target\":[\"https:\/\/igiemmepackaging.it\/de\/industrielle-verpackung\/\"]}]},{\"@type\":\"ImageObject\",\"inLanguage\":\"de\",\"@id\":\"https:\/\/igiemmepackaging.it\/de\/industrielle-verpackung\/#primaryimage\",\"url\":\"https:\/\/igiemmepackaging.it\/wp-content\/uploads\/2024\/06\/IndustrialPack.jpg\",\"contentUrl\":\"https:\/\/igiemmepackaging.it\/wp-content\/uploads\/2024\/06\/IndustrialPack.jpg\",\"width\":2000,\"height\":857},{\"@type\":\"BreadcrumbList\",\"@id\":\"https:\/\/igiemmepackaging.it\/de\/industrielle-verpackung\/#breadcrumb\",\"itemListElement\":[{\"@type\":\"ListItem\",\"position\":1,\"name\":\"Home\",\"item\":\"https:\/\/igiemmepackaging.it\/de\/\"},{\"@type\":\"ListItem\",\"position\":2,\"name\":\"Industrielle Verpackung\"}]},{\"@type\":\"WebSite\",\"@id\":\"https:\/\/igiemmepackaging.it\/de\/#website\",\"url\":\"https:\/\/igiemmepackaging.it\/de\/\",\"name\":\"Igiemme\",\"description\":\"Packaging\",\"potentialAction\":[{\"@type\":\"SearchAction\",\"target\":{\"@type\":\"EntryPoint\",\"urlTemplate\":\"https:\/\/igiemmepackaging.it\/de\/?s={search_term_string}\"},\"query-input\":{\"@type\":\"PropertyValueSpecification\",\"valueRequired\":true,\"valueName\":\"search_term_string\"}}],\"inLanguage\":\"de\"}]}<\/script>\n<!-- \/ Yoast SEO plugin. -->","yoast_head_json":{"title":"Industrielle Verpackung - Igiemme","robots":{"index":"index","follow":"follow","max-snippet":"max-snippet:-1","max-image-preview":"max-image-preview:large","max-video-preview":"max-video-preview:-1"},"canonical":"https:\/\/igiemmepackaging.it\/de\/industrielle-verpackung\/","og_locale":"de_DE","og_type":"article","og_title":"Industrielle Verpackung - Igiemme","og_url":"https:\/\/igiemmepackaging.it\/de\/industrielle-verpackung\/","og_site_name":"Igiemme","article_modified_time":"2025-09-26T12:21:01+00:00","og_image":[{"width":2000,"height":857,"url":"https:\/\/igiemmepackaging.it\/wp-content\/uploads\/2024\/06\/IndustrialPack.jpg","type":"image\/jpeg"}],"twitter_card":"summary_large_image","twitter_misc":{"Gesch\u00e4tzte Lesezeit":"1\u00a0Minute"},"schema":{"@context":"https:\/\/schema.org","@graph":[{"@type":"WebPage","@id":"https:\/\/igiemmepackaging.it\/de\/industrielle-verpackung\/","url":"https:\/\/igiemmepackaging.it\/de\/industrielle-verpackung\/","name":"Industrielle Verpackung - Igiemme","isPartOf":{"@id":"https:\/\/igiemmepackaging.it\/de\/#website"},"primaryImageOfPage":{"@id":"https:\/\/igiemmepackaging.it\/de\/industrielle-verpackung\/#primaryimage"},"image":{"@id":"https:\/\/igiemmepackaging.it\/de\/industrielle-verpackung\/#primaryimage"},"thumbnailUrl":"https:\/\/igiemmepackaging.it\/wp-content\/uploads\/2024\/06\/IndustrialPack.jpg","datePublished":"2024-04-12T09:09:46+00:00","dateModified":"2025-09-26T12:21:01+00:00","breadcrumb":{"@id":"https:\/\/igiemmepackaging.it\/de\/industrielle-verpackung\/#breadcrumb"},"inLanguage":"de","potentialAction":[{"@type":"ReadAction","target":["https:\/\/igiemmepackaging.it\/de\/industrielle-verpackung\/"]}]},{"@type":"ImageObject","inLanguage":"de","@id":"https:\/\/igiemmepackaging.it\/de\/industrielle-verpackung\/#primaryimage","url":"https:\/\/igiemmepackaging.it\/wp-content\/uploads\/2024\/06\/IndustrialPack.jpg","contentUrl":"https:\/\/igiemmepackaging.it\/wp-content\/uploads\/2024\/06\/IndustrialPack.jpg","width":2000,"height":857},{"@type":"BreadcrumbList","@id":"https:\/\/igiemmepackaging.it\/de\/industrielle-verpackung\/#breadcrumb","itemListElement":[{"@type":"ListItem","position":1,"name":"Home","item":"https:\/\/igiemmepackaging.it\/de\/"},{"@type":"ListItem","position":2,"name":"Industrielle Verpackung"}]},{"@type":"WebSite","@id":"https:\/\/igiemmepackaging.it\/de\/#website","url":"https:\/\/igiemmepackaging.it\/de\/","name":"Igiemme","description":"Packaging","potentialAction":[{"@type":"SearchAction","target":{"@type":"EntryPoint","urlTemplate":"https:\/\/igiemmepackaging.it\/de\/?s={search_term_string}"},"query-input":{"@type":"PropertyValueSpecification","valueRequired":true,"valueName":"search_term_string"}}],"inLanguage":"de"}]}},"acf":[],"_links":{"self":[{"href":"https:\/\/igiemmepackaging.it\/de\/wp-json\/wp\/v2\/pages\/3163","targetHints":{"allow":["GET"]}}],"collection":[{"href":"https:\/\/igiemmepackaging.it\/de\/wp-json\/wp\/v2\/pages"}],"about":[{"href":"https:\/\/igiemmepackaging.it\/de\/wp-json\/wp\/v2\/types\/page"}],"author":[{"embeddable":true,"href":"https:\/\/igiemmepackaging.it\/de\/wp-json\/wp\/v2\/users\/2"}],"replies":[{"embeddable":true,"href":"https:\/\/igiemmepackaging.it\/de\/wp-json\/wp\/v2\/comments?post=3163"}],"version-history":[{"count":5,"href":"https:\/\/igiemmepackaging.it\/de\/wp-json\/wp\/v2\/pages\/3163\/revisions"}],"predecessor-version":[{"id":3183,"href":"https:\/\/igiemmepackaging.it\/de\/wp-json\/wp\/v2\/pages\/3163\/revisions\/3183"}],"wp:featuredmedia":[{"embeddable":true,"href":"https:\/\/igiemmepackaging.it\/de\/wp-json\/wp\/v2\/media\/2585"}],"wp:attachment":[{"href":"https:\/\/igiemmepackaging.it\/de\/wp-json\/wp\/v2\/media?parent=3163"}],"curies":[{"name":"wp","href":"https:\/\/api.w.org\/{rel}","templated":true}]}}