{"id":1069,"date":"2022-03-06T12:14:26","date_gmt":"2022-03-06T11:14:26","guid":{"rendered":"https:\/\/igiemmepackaging.it\/cookie-policy\/"},"modified":"2025-09-26T11:04:18","modified_gmt":"2025-09-26T09:04:18","slug":"cookie-policy","status":"publish","type":"page","link":"https:\/\/igiemmepackaging.it\/fr\/cookie-policy\/","title":{"rendered":"Politique de cookies"},"content":{"rendered":"\n<p>Lorsque vous visitez notre site Web (www.igiemmepackaging.it), celui-ci peut stocker ou r\u00e9cup\u00e9rer des informations sur votre navigateur sous forme de cookies, qui pourraient vous concerner, vos pr\u00e9f\u00e9rences ou votre appareil et sont principalement utilis\u00e9s pour faire fonctionner le site comme vous l&rsquo;attendez. Les informations collect\u00e9es nous permettent de fournir une exp\u00e9rience Web plus personnalis\u00e9e, gr\u00e2ce \u00e0 la collecte de donn\u00e9es. Dans le m\u00eame temps, vous pouvez choisir de ne pas autoriser certains types de cookies, \u00e9vitant ainsi la personnalisation du Web. Dans la section \u00ab Param\u00e8tres des cookies \u00bb, vous pouvez modifier les param\u00e8tres par d\u00e9faut. Cependant, la d\u00e9sactivation de certains types de cookies peut impacter votre exp\u00e9rience de navigation sur le site et l&rsquo;utilisation des services associ\u00e9s que nous sommes en mesure de vous proposer.<\/p>\n\n\n\n<p>1. Que sont-ils ?<\/p>\n\n\n\n<p>Les cookies sont de petites cha\u00eenes de texte cr\u00e9\u00e9es pour stocker les informations des utilisateurs et pour am\u00e9liorer la navigation des utilisateurs sur les sites Web.<\/p>\n\n\n\n<p>En particulier, les cookies sont des fichiers qui stockent des informations sur votre disque dur ou votre navigateur. Lors de la navigation sur un site, l&rsquo;utilisateur peut \u00e9galement recevoir sur son appareil des cookies envoy\u00e9s depuis diff\u00e9rents sites ou serveurs Web (appel\u00e9s \u00ab tiers \u00bb), sur lesquels peuvent r\u00e9sider certains \u00e9l\u00e9ments (tels que, par exemple, des images, des cartes, des sons, des liens sp\u00e9cifiques vers des pages d&rsquo;autres domaines) pr\u00e9sents sur le site que l&rsquo;utilisateur visite.<\/p>\n\n\n\n<p>Les cookies pr\u00e9sents dans les navigateurs sont utilis\u00e9s \u00e0 diff\u00e9rentes fins :<\/p>\n\n\n\n<ul class=\"wp-block-list\">\n<li>effectuer des authentifications informatiques<\/li>\n\n\n\n<li>suivi de session<\/li>\n\n\n\n<li>stocker des informations sur des configurations sp\u00e9cifiques concernant les utilisateurs acc\u00e9dant au serveur, etc.<\/li>\n<\/ul>\n\n\n\n<p>Le l\u00e9gislateur, en application des dispositions contenues dans la directive 2009\/136\/CE, a prescrit l&rsquo; obligation d&rsquo;acqu\u00e9rir le consentement pr\u00e9alable et \u00e9clair\u00e9 des utilisateurs pour l&rsquo;installation de cookies utilis\u00e9s \u00e0 des fins autres que purement techniques (voir art. 1, paragraphe 5, lettre a), du d\u00e9cret l\u00e9gislatif. lgs. 28 mai 2012, n. 69, qui a modifi\u00e9 l&rsquo;art. 122 du Code).<\/p>\n\n\n\n<p>Afin d&rsquo;atteindre une r\u00e9gulation correcte de ces appareils, il est n\u00e9cessaire de les distinguer car il n&rsquo;y a pas de caract\u00e9ristiques techniques qui les diff\u00e9rencient.<\/p>\n\n\n\n<p>2. Types de cookies<\/p>\n\n\n\n<p>A cet effet, deux macro-cat\u00e9gories sont identifi\u00e9es : les cookies \u00ab techniques \u00bb et les cookies \u00ab de profilage \u00bb.<\/p>\n\n\n\n<p><em>a. Cookies techniques.<\/em><\/p>\n\n\n\n<p>Les cookies techniques sont ceux utilis\u00e9s dans le seul but de \u00ab r\u00e9aliser la transmission d&rsquo;une communication sur un r\u00e9seau de communications \u00e9lectroniques, ou dans la mesure strictement n\u00e9cessaire au fournisseur d&rsquo;un service de la soci\u00e9t\u00e9 de l&rsquo;information explicitement demand\u00e9 par l&rsquo;abonn\u00e9 ou l&rsquo;utilisateur pour fournir ce service \u00bb.<\/p>\n\n\n\n<p>Ils ne sont pas utilis\u00e9s \u00e0 d&rsquo;autres fins et sont normalement install\u00e9s directement par le propri\u00e9taire ou le gestionnaire du site Web. Ils comprennent :<\/p>\n\n\n\n<p>\u2013 les cookies de navigation ou de session, qui garantissent une navigation et une utilisation normales du site Web. Ils sont n\u00e9cessaires au fonctionnement du site, notamment \u00e0 la navigation et \u00e0 l&rsquo;utilisation normales de celui-ci, et ne peuvent pas \u00eatre d\u00e9sactiv\u00e9s dans nos syst\u00e8mes. Ils ne sont g\u00e9n\u00e9ralement d\u00e9finis qu&rsquo;en r\u00e9ponse \u00e0 des actions que vous avez effectu\u00e9es et qui \u00e9quivalent \u00e0 une demande de services, telles que la d\u00e9finition de vos pr\u00e9f\u00e9rences de confidentialit\u00e9, la connexion ou le remplissage de formulaires. Vous pouvez configurer votre navigateur pour bloquer ces cookies, mais certaines ou toutes les parties du site ne fonctionneront alors pas. Ces cookies ne stockent pas d&rsquo;informations personnelles.<\/p>\n\n\n\n<p>-les cookies d\u2019analyse, assimil\u00e9s aux cookies techniques lorsqu\u2019ils sont utilis\u00e9s directement par le gestionnaire du site pour collecter des informations sur le nombre d\u2019utilisateurs et la mani\u00e8re dont ils visitent le site.<\/p>\n\n\n\n<p>Ces cookies nous permettent d&rsquo;\u00e9valuer et d&rsquo;am\u00e9liorer les performances de notre site, ils nous aident \u00e0 savoir quelles sont les pages sont les plus et les moins populaires et \u00e0 voir comment les visiteurs naviguent sur le site.<\/p>\n\n\n\n<p>Toutes les informations collect\u00e9es par les cookies sont regroup\u00e9es&nbsp;&nbsp;et donc anonymes.<\/p>\n\n\n\n<p>\u2013 des cookies de fonctionnalit\u00e9, qui permettent \u00e0 l\u2019utilisateur de naviguer en fonction d\u2019une s\u00e9rie de crit\u00e8res s\u00e9lectionn\u00e9s (par exemple, la langue, les produits s\u00e9lectionn\u00e9s pour l\u2019achat&nbsp;&nbsp;afin d\u2019am\u00e9liorer le service fourni \u00e0 l\u2019utilisateur.&nbsp;&nbsp;Ils peuvent \u00eatre d\u00e9finis par nous ou par des fournisseurs tiers dont nous avons ajout\u00e9 les services \u00e0 nos pages. Si vous n&rsquo;autorisez pas ces cookies, certains ou l\u2019ensemble des services risqueraient de ne pas fonctionner correctement.<\/p>\n\n\n\n<p><em>b. Cookies de profilage.<\/em><\/p>\n\n\n\n<p>Les cookies de profilage sont destin\u00e9s \u00e0&nbsp;&nbsp;cr\u00e9er des profils sur l&rsquo;utilisateur et sont utilis\u00e9s pour envoyer des messages publicitaires cibl\u00e9s avec les pr\u00e9f\u00e9rences exprim\u00e9es par l&rsquo;utilisateur lors de sa navigation sur le Web. La l\u00e9gislation europ\u00e9enne et italienne exigent que l&rsquo;utilisateur soit inform\u00e9 de mani\u00e8re ad\u00e9quate sur leur utilisation et exprime ainsi son propre consentement en raison de l\u2019aspect particuli\u00e8rement invasif que ces dispositifs peuvent avoir dans la sph\u00e8re priv\u00e9e des utilisateurs. En effet, le profilage d\u00e9signe, conform\u00e9ment au R\u00e8glement UE 2016\/679,&nbsp;<em>\u00ab toute forme de traitement automatis\u00e9 de donn\u00e9es \u00e0 caract\u00e8re personnel consistant \u00e0 utiliser ces donn\u00e9es \u00e0 caract\u00e8re personnel pour \u00e9valuer certains aspects personnels relatifs \u00e0 une personne physique, notamment pour analyser ou pr\u00e9dire des \u00e9l\u00e9ments concernant le rendement professionnel, la situation \u00e9conomique, la sant\u00e9, les pr\u00e9f\u00e9rences personnelles, les int\u00e9r\u00eats, la fiabilit\u00e9, le comportement, la localisation ou les d\u00e9placements de cette personne physique \u00bb&nbsp;<\/em>;<\/p>\n\n\n\n<p>Les cookies de profilage ont, en effet, pour t\u00e2che de profiler l&rsquo;utilisateur et sont utilis\u00e9s afin d&rsquo;envoyer des messages publicitaires en ligne avec les pr\u00e9f\u00e9rences exprim\u00e9es par l&rsquo;utilisateur lors de sa navigation. Les cookies de profilage peuvent \u00e9galement \u00eatre utilis\u00e9s&nbsp;&nbsp;par des tiers, pour cr\u00e9er un profil de vos int\u00e9r\u00eats et vous afficher ou vous envoyer des publicit\u00e9s pertinentes sur ce site et d&rsquo;autres sites.<\/p>\n\n\n\n<p>3. Tiers<\/p>\n\n\n\n<p>Il est possible qu&rsquo;il y ait un sujet autre qui installe des cookies sur le terminal de l&rsquo;utilisateur, selon qu&rsquo;il s&rsquo;agit du m\u00eame gestionnaire du site que l&rsquo;utilisateur visite (qui peut \u00eatre bri\u00e8vement indiqu\u00e9 comme \u00ab l&rsquo;\u00e9diteur \u00bb) ou d&rsquo;un site diff\u00e9rent qui installe des cookies via le premier (appel\u00e9s \u00ab tiers \u00bb).<\/p>\n\n\n\n<p>L&rsquo;obligation de fournir des informations et d&rsquo;obtenir le consentement \u00e0 l&rsquo;installation de cookies sur votre site est \u00e9galement n\u00e9cessaire pour les cookies install\u00e9s par des \u00ab tiers \u00bb. Le refus ou la r\u00e9vocation du consentement \u00e0 l\u2019utilisation d\u2019un ou plusieurs cookies de profilage n\u2019interf\u00e9rera pas avec la possibilit\u00e9 d\u2019acc\u00e9der ou de naviguer sur le site.<\/p>\n\n\n\n<p>En ce qui concerne l&rsquo;acquisition du consentement pour les cookies de profilage, \u00e9tant donn\u00e9 qu&rsquo;il est n\u00e9cessaire de s\u00e9parer les positions respectives des \u00e9diteurs et des tiers, on consid\u00e8re que les \u00e9diteurs, avec lesquels les utilisateurs \u00e9tablissent une relation directe via l&rsquo;acc\u00e8s au site concern\u00e9, assument n\u00e9cessairement un double r\u00f4le.<\/p>\n\n\n\n<p>En effet, d\u2019une part, ces sujets sont responsables du traitement des donn\u00e9es \u00e0 l\u2019\u00e9gard des cookies install\u00e9s directement depuis leur propre site ; d&rsquo;autre part , comme il n&rsquo;est pas possible d&rsquo;identifier la copropri\u00e9t\u00e9 avec des tiers pour les cookies qu&rsquo;ils installent par leur interm\u00e9diaire, il est consid\u00e9r\u00e9 correct de les consid\u00e9rer comme une sorte d&rsquo;interm\u00e9diaires techniques entre eux et les utilisateurs. Et c&rsquo;est donc \u00e0 ce titre qu&rsquo;ils sont appel\u00e9s \u00e0 agir dans cette r\u00e9solution, en r\u00e9f\u00e9rence \u00e0 la diffusion de l&rsquo;information et \u00e0 l&rsquo;acquisition du consentement des utilisateurs en ligne en ce qui concerne les cookies tiers.<\/p>\n\n\n\n<p>Par cons\u00e9quent, pour les cookies g\u00e9r\u00e9s par des tiers autres que le propri\u00e9taire du site, il existe une obligation pour le tiers de fournir des informations et d&rsquo;indiquer les modalit\u00e9s de blocage du cookie, tandis que le propri\u00e9taire du site est oblig\u00e9 d&rsquo;ins\u00e9rer dans le site le lien vers le site tiers o\u00f9 ces \u00e9l\u00e9ments sont disponibles.<\/p>\n\n\n\n<p>En cons\u00e9quence, les cookies peuvent \u00eatre class\u00e9s comme :<\/p>\n\n\n\n<ul class=\"wp-block-list\">\n<li>les cookies propri\u00e9taires, c&rsquo;est-\u00e0-dire les cookies g\u00e9n\u00e9r\u00e9s et g\u00e9r\u00e9s directement par le gestionnaire du site Internet sur lequel l&rsquo;utilisateur navigue.<\/li>\n\n\n\n<li>cookies tiers , qui sont g\u00e9n\u00e9r\u00e9s et g\u00e9r\u00e9s par des parties autres que le gestionnaire du site Web sur lequel l&rsquo;utilisateur navigue (g\u00e9n\u00e9ralement en vertu d&rsquo;un contrat entre le propri\u00e9taire du site Web et le tiers).<\/li>\n<\/ul>\n\n\n\n<p>4. Dur\u00e9e des cookies<\/p>\n\n\n\n<p>Les cookies ont une dur\u00e9e dict\u00e9e par la date d&rsquo;expiration (ou par une action sp\u00e9cifique telle que la fermeture du navigateur) d\u00e9finie au moment de l&rsquo;installation.&nbsp;<br>Les cookies peuvent \u00eatre :<\/p>\n\n\n\n<ul class=\"wp-block-list\">\n<li>cookies temporaires ou de session (cookies de session) : ils sont utilis\u00e9s pour stocker des informations temporaires, permettent de relier les actions effectu\u00e9es au cours d&rsquo;une session sp\u00e9cifique et sont supprim\u00e9s de l&rsquo;ordinateur lorsque le navigateur est ferm\u00e9 ;<\/li>\n\n\n\n<li>permanents ( cookies persistants ) : ils servent \u00e0 stocker des informations, telles que le nom et le mot de passe, afin d&rsquo;\u00e9viter \u00e0 l&rsquo;utilisateur de devoir les saisir \u00e0 nouveau \u00e0 chaque fois qu&rsquo;il visite un site sp\u00e9cifique. Ceux-ci restent stock\u00e9s sur votre ordinateur m\u00eame apr\u00e8s la fermeture de votre navigateur.<\/li>\n<\/ul>\n\n\n\n<p>Pour conna\u00eetre la dur\u00e9e sp\u00e9cifique de chaque cookie, veuillez consulter la \u00ab Liste des cookies \u00bb.<\/p>\n\n\n\n<p>5. Gestion des cookies<\/p>\n\n\n\n<p>En r\u00e9f\u00e9rence \u00e0 la disposition relative \u00e0 l&rsquo;identification des proc\u00e9dures simplifi\u00e9es pour l&rsquo;information et l&rsquo;acquisition du consentement pour l&rsquo;utilisation des cookies &#8211; 8 mai 2014 (publi\u00e9e au Journal officiel n\u00b0 126 du 3 juin 2014), vous pouvez modifier votre consentement aux cookies \u00e0 tout moment en cliquant sur le lien \u00ab Param\u00e8tres des cookies \u00bb.<\/p>\n\n\n\n<p>6. Liste des cookies<\/p>\n\n\n\n<p>Igiemme utilise les cookies suivants :<\/p>\n\n\n\n<ul class=\"wp-block-list\">\n<li>cookie_notice_accepted : . igiemmepackaging.it<\/li>\n\n\n\n<li>dont la dur\u00e9e est de 1 mois \u2013 cookie dit permanent, qui garde la trace du choix effectu\u00e9 concernant l\u2019acceptation de la politique de cookies.<\/li>\n\n\n\n<li>_ ga : . igiemmepackaging.it<\/li>\n\n\n\n<li>dont la dur\u00e9e est de 2 ans \u2013 cookie tiers dit permanent (Google) utilis\u00e9 pour analyser et \u00e9ventuellement reconna\u00eetre la navigation des utilisateurs (toujours de mani\u00e8re anonyme)<\/li>\n\n\n\n<li>_ gid : . igiemmepackaging.it<\/li>\n\n\n\n<li>dont la dur\u00e9e est de 2 ans \u2013 cookie tiers dit permanent (Google) utilis\u00e9 pour analyser et \u00e9ventuellement reconna\u00eetre la navigation des utilisateurs (toujours de mani\u00e8re anonyme)<\/li>\n\n\n\n<li>_ gat_gtag __******* : . igiemmepackaging.it<\/li>\n\n\n\n<li>dont la dur\u00e9e est de 10 minutes &#8211; dit cookie tiers permanent (Google) techniquement toujours utilis\u00e9 pour \u00e9viter de fausses statistiques dues \u00e0 des dysfonctionnements du navigateur des utilisateurs<\/li>\n<\/ul>\n\n\n\n<p>7. Comment d\u00e9sactiver les cookies via les param\u00e8tres du navigateur<\/p>\n\n\n\n<p>Vous trouverez ci-dessous des instructions sur la fa\u00e7on de d\u00e9sactiver\/supprimer les cookies, en fonction du type de navigateur utilis\u00e9. Veuillez noter que, pour le bon fonctionnement du site, certains cookies techniques sont indispensables et leur \u00e9ventuelle d\u00e9sinstallation pourrait emp\u00eacher la navigation.<\/p>\n\n\n\n<p>Selon le navigateur utilis\u00e9, vous pouvez proc\u00e9der \u00e0 la d\u00e9sactivation des cookies en suivant les instructions sp\u00e9cifiques fournies :<\/p>\n\n\n\n<ul class=\"wp-block-list\">\n<li>pour Chrome,\u00a0<a href=\"https:\/\/support.google.com\/accounts\/answer\/61416?hl=it\" target=\"_blank\" rel=\"noreferrer noopener\">voir la page d\u00e9di\u00e9e<\/a><\/li>\n\n\n\n<li>pour Mozilla Firefox\u00a0<a href=\"https:\/\/support.mozilla.org\/en-US\/kb\/enable-and-disable-cookies-website-preferences\" target=\"_blank\" rel=\"noreferrer noopener\">voir la page d\u00e9di\u00e9e<\/a><\/li>\n\n\n\n<li>pour Internet Explorer,\u00a0<a href=\"https:\/\/support.microsoft.com\/it-it\/help\/17442\/windows-internet-explorer-delete-manage-cookies\" target=\"_blank\" rel=\"noreferrer noopener\">voir la page d\u00e9di\u00e9e<\/a><\/li>\n\n\n\n<li>pour Safari,\u00a0<a href=\"https:\/\/support.apple.com\/kb\/ph21411?locale=it_IT\" target=\"_blank\" rel=\"noreferrer noopener\">voir la page d\u00e9di\u00e9e<\/a><\/li>\n\n\n\n<li>pour Safari iOS (appareils mobiles)\u00a0<a href=\"https:\/\/support.apple.com\/en-us\/HT201265\" target=\"_blank\" rel=\"noreferrer noopener\">voir la page d\u00e9di\u00e9e<\/a><\/li>\n\n\n\n<li>pour Opera\u00a0<a href=\"https:\/\/support.microsoft.com\/it-it\/help\/17442\/windows-internet-explorer-delete-manage-cookies\" target=\"_blank\" rel=\"noreferrer noopener\">voir la page d\u00e9di\u00e9e<\/a><\/li>\n<\/ul>\n\n\n\n<p>Si vous avez d\u00e9j\u00e0 donn\u00e9 votre consentement mais que vous souhaitez modifier vos autorisations de cookies, vous devez les supprimer via votre navigateur, comme indiqu\u00e9 ci-dessous, car sinon ceux d\u00e9j\u00e0 install\u00e9s ne seront pas supprim\u00e9s. En particulier, veuillez noter qu&rsquo;il n&rsquo;est pas possible de contr\u00f4ler les cookies tiers de quelque mani\u00e8re que ce soit, donc si le consentement a d\u00e9j\u00e0 \u00e9t\u00e9 donn\u00e9 pr\u00e9c\u00e9demment, il est n\u00e9cessaire de proc\u00e9der \u00e0 la suppression des cookies via le navigateur (section d\u00e9di\u00e9e) ou en demandant l&rsquo;opt &#8211; out directement aux tiers.<\/p>\n\n\n\n<p>8. Pour plus d&rsquo;informations<\/p>\n\n\n\n<p>Pour obtenir plus d&rsquo;informations sur les cookies utilis\u00e9s, les modalit\u00e9s de refus ou de d\u00e9sactivation, vous pouvez contacter \u00ab&nbsp;IGIEMME Industria Grafica Cartonplastotecnica e Comunicazione Srl&nbsp;\u00bb, soci\u00e9t\u00e9 avec num\u00e9ro de TVA 03825050754, si\u00e8ge social \u00e0 Tuglie (Le) via G.Palmieri \u2013 ZI &#8211; ITALIE \u2013 avec num\u00e9ro de t\u00e9l\u00e9phone : ++39 0833-598025 E-mail : amministrazione@igiemmepackaging.it et Courriel Certifi\u00e9 : igiemmesrl@pec.it.<\/p>\n\n\n\n<p>9. Information et acc\u00e8s aux donn\u00e9es personnelles<\/p>\n\n\n\n<p>\u00c0 tout moment, vous pouvez demander des informations sur le traitement de vos donn\u00e9es personnelles, obtenir la mise \u00e0 jour, la rectification ou l&rsquo;int\u00e9gration de celles-ci, ainsi qu&rsquo;obtenir l&rsquo;annulation, la limitation du traitement et vous opposez au traitement comme pr\u00e9vu par le R\u00e8glement europ\u00e9en sur la protection des donn\u00e9es personnelles (R\u00e8glement UE 2016\/679 &#8211; \u00ab RGPD \u00bb). A cet \u00e9gard, nous vous invitons \u00e0 lire les articles. 13 et suivants du R\u00e8glement UE 2016\/679.<\/p>\n","protected":false},"excerpt":{"rendered":"<p>Lorsque vous visitez notre site Web (www.igiemmepackaging.it), celui-ci peut stocker ou r\u00e9cup\u00e9rer des informations sur votre navigateur sous forme de cookies, qui pourraient vous concerner, vos pr\u00e9f\u00e9rences ou votre appareil et sont principalement utilis\u00e9s pour faire fonctionner le site comme vous l&rsquo;attendez. Les informations collect\u00e9es nous permettent de fournir une exp\u00e9rience Web plus personnalis\u00e9e, gr\u00e2ce [&hellip;]<\/p>\n","protected":false},"author":1,"featured_media":0,"parent":0,"menu_order":0,"comment_status":"closed","ping_status":"closed","template":"","meta":{"footnotes":""},"class_list":["post-1069","page","type-page","status-publish","hentry"],"yoast_head":"<!-- This site is optimized with the Yoast SEO plugin v26.0 - https:\/\/yoast.com\/wordpress\/plugins\/seo\/ -->\n<title>Politique de cookies - Igiemme<\/title>\n<meta name=\"robots\" content=\"index, follow, max-snippet:-1, max-image-preview:large, max-video-preview:-1\" \/>\n<link rel=\"canonical\" href=\"https:\/\/igiemmepackaging.it\/fr\/cookie-policy\/\" \/>\n<meta property=\"og:locale\" content=\"fr_FR\" \/>\n<meta property=\"og:type\" content=\"article\" \/>\n<meta property=\"og:title\" content=\"Politique de cookies - Igiemme\" \/>\n<meta property=\"og:description\" content=\"Lorsque vous visitez notre site Web (www.igiemmepackaging.it), celui-ci peut stocker ou r\u00e9cup\u00e9rer des informations sur votre navigateur sous forme de cookies, qui pourraient vous concerner, vos pr\u00e9f\u00e9rences ou votre appareil et sont principalement utilis\u00e9s pour faire fonctionner le site comme vous l&rsquo;attendez. Les informations collect\u00e9es nous permettent de fournir une exp\u00e9rience Web plus personnalis\u00e9e, gr\u00e2ce [&hellip;]\" \/>\n<meta property=\"og:url\" content=\"https:\/\/igiemmepackaging.it\/fr\/cookie-policy\/\" \/>\n<meta property=\"og:site_name\" content=\"Igiemme\" \/>\n<meta property=\"article:modified_time\" content=\"2025-09-26T09:04:18+00:00\" \/>\n<meta name=\"twitter:card\" content=\"summary_large_image\" \/>\n<meta name=\"twitter:label1\" content=\"Dur\u00e9e de lecture estim\u00e9e\" \/>\n\t<meta name=\"twitter:data1\" content=\"11 minutes\" \/>\n<script type=\"application\/ld+json\" class=\"yoast-schema-graph\">{\"@context\":\"https:\/\/schema.org\",\"@graph\":[{\"@type\":\"WebPage\",\"@id\":\"https:\/\/igiemmepackaging.it\/fr\/cookie-policy\/\",\"url\":\"https:\/\/igiemmepackaging.it\/fr\/cookie-policy\/\",\"name\":\"Politique de cookies - Igiemme\",\"isPartOf\":{\"@id\":\"https:\/\/igiemmepackaging.it\/fr\/#website\"},\"datePublished\":\"2022-03-06T11:14:26+00:00\",\"dateModified\":\"2025-09-26T09:04:18+00:00\",\"breadcrumb\":{\"@id\":\"https:\/\/igiemmepackaging.it\/fr\/cookie-policy\/#breadcrumb\"},\"inLanguage\":\"fr-FR\",\"potentialAction\":[{\"@type\":\"ReadAction\",\"target\":[\"https:\/\/igiemmepackaging.it\/fr\/cookie-policy\/\"]}]},{\"@type\":\"BreadcrumbList\",\"@id\":\"https:\/\/igiemmepackaging.it\/fr\/cookie-policy\/#breadcrumb\",\"itemListElement\":[{\"@type\":\"ListItem\",\"position\":1,\"name\":\"Home\",\"item\":\"https:\/\/igiemmepackaging.it\/fr\/\"},{\"@type\":\"ListItem\",\"position\":2,\"name\":\"Politique de cookies\"}]},{\"@type\":\"WebSite\",\"@id\":\"https:\/\/igiemmepackaging.it\/fr\/#website\",\"url\":\"https:\/\/igiemmepackaging.it\/fr\/\",\"name\":\"Igiemme\",\"description\":\"Packaging\",\"potentialAction\":[{\"@type\":\"SearchAction\",\"target\":{\"@type\":\"EntryPoint\",\"urlTemplate\":\"https:\/\/igiemmepackaging.it\/fr\/?s={search_term_string}\"},\"query-input\":{\"@type\":\"PropertyValueSpecification\",\"valueRequired\":true,\"valueName\":\"search_term_string\"}}],\"inLanguage\":\"fr-FR\"}]}<\/script>\n<!-- \/ Yoast SEO plugin. -->","yoast_head_json":{"title":"Politique de cookies - Igiemme","robots":{"index":"index","follow":"follow","max-snippet":"max-snippet:-1","max-image-preview":"max-image-preview:large","max-video-preview":"max-video-preview:-1"},"canonical":"https:\/\/igiemmepackaging.it\/fr\/cookie-policy\/","og_locale":"fr_FR","og_type":"article","og_title":"Politique de cookies - Igiemme","og_description":"Lorsque vous visitez notre site Web (www.igiemmepackaging.it), celui-ci peut stocker ou r\u00e9cup\u00e9rer des informations sur votre navigateur sous forme de cookies, qui pourraient vous concerner, vos pr\u00e9f\u00e9rences ou votre appareil et sont principalement utilis\u00e9s pour faire fonctionner le site comme vous l&rsquo;attendez. Les informations collect\u00e9es nous permettent de fournir une exp\u00e9rience Web plus personnalis\u00e9e, gr\u00e2ce [&hellip;]","og_url":"https:\/\/igiemmepackaging.it\/fr\/cookie-policy\/","og_site_name":"Igiemme","article_modified_time":"2025-09-26T09:04:18+00:00","twitter_card":"summary_large_image","twitter_misc":{"Dur\u00e9e de lecture estim\u00e9e":"11 minutes"},"schema":{"@context":"https:\/\/schema.org","@graph":[{"@type":"WebPage","@id":"https:\/\/igiemmepackaging.it\/fr\/cookie-policy\/","url":"https:\/\/igiemmepackaging.it\/fr\/cookie-policy\/","name":"Politique de cookies - Igiemme","isPartOf":{"@id":"https:\/\/igiemmepackaging.it\/fr\/#website"},"datePublished":"2022-03-06T11:14:26+00:00","dateModified":"2025-09-26T09:04:18+00:00","breadcrumb":{"@id":"https:\/\/igiemmepackaging.it\/fr\/cookie-policy\/#breadcrumb"},"inLanguage":"fr-FR","potentialAction":[{"@type":"ReadAction","target":["https:\/\/igiemmepackaging.it\/fr\/cookie-policy\/"]}]},{"@type":"BreadcrumbList","@id":"https:\/\/igiemmepackaging.it\/fr\/cookie-policy\/#breadcrumb","itemListElement":[{"@type":"ListItem","position":1,"name":"Home","item":"https:\/\/igiemmepackaging.it\/fr\/"},{"@type":"ListItem","position":2,"name":"Politique de cookies"}]},{"@type":"WebSite","@id":"https:\/\/igiemmepackaging.it\/fr\/#website","url":"https:\/\/igiemmepackaging.it\/fr\/","name":"Igiemme","description":"Packaging","potentialAction":[{"@type":"SearchAction","target":{"@type":"EntryPoint","urlTemplate":"https:\/\/igiemmepackaging.it\/fr\/?s={search_term_string}"},"query-input":{"@type":"PropertyValueSpecification","valueRequired":true,"valueName":"search_term_string"}}],"inLanguage":"fr-FR"}]}},"acf":[],"_links":{"self":[{"href":"https:\/\/igiemmepackaging.it\/fr\/wp-json\/wp\/v2\/pages\/1069","targetHints":{"allow":["GET"]}}],"collection":[{"href":"https:\/\/igiemmepackaging.it\/fr\/wp-json\/wp\/v2\/pages"}],"about":[{"href":"https:\/\/igiemmepackaging.it\/fr\/wp-json\/wp\/v2\/types\/page"}],"author":[{"embeddable":true,"href":"https:\/\/igiemmepackaging.it\/fr\/wp-json\/wp\/v2\/users\/1"}],"replies":[{"embeddable":true,"href":"https:\/\/igiemmepackaging.it\/fr\/wp-json\/wp\/v2\/comments?post=1069"}],"version-history":[{"count":1,"href":"https:\/\/igiemmepackaging.it\/fr\/wp-json\/wp\/v2\/pages\/1069\/revisions"}],"predecessor-version":[{"id":3156,"href":"https:\/\/igiemmepackaging.it\/fr\/wp-json\/wp\/v2\/pages\/1069\/revisions\/3156"}],"wp:attachment":[{"href":"https:\/\/igiemmepackaging.it\/fr\/wp-json\/wp\/v2\/media?parent=1069"}],"curies":[{"name":"wp","href":"https:\/\/api.w.org\/{rel}","templated":true}]}}