{"id":3162,"date":"2024-04-12T11:09:46","date_gmt":"2024-04-12T09:09:46","guid":{"rendered":"https:\/\/igiemmepackaging.it\/packaging-industriel\/"},"modified":"2025-09-26T13:08:41","modified_gmt":"2025-09-26T11:08:41","slug":"packaging-industriel","status":"publish","type":"page","link":"https:\/\/igiemmepackaging.it\/fr\/packaging-industriel\/","title":{"rendered":"Packaging industriel"},"content":{"rendered":"\n<section class=\"landing-categories\">\n    <div class=\"row\">\n                    <div class=\"col-sm-6 col-lg-3\">\n                <div class=\"card\" style=\"background-image: url(https:\/\/igiemmepackaging.it\/wp-content\/uploads\/2024\/05\/Espositori-1024x1024.png)\">\n                    <div class=\"card-body\">\n                        <a href=\"#presentoirs\" class=\"stretched-link scroll-to\" title=\"Pr\u00e9sentoirs\">Pr\u00e9sentoirs<\/a>\n                    <\/div>\n                <\/div>\n            <\/div>\n                    <div class=\"col-sm-6 col-lg-3\">\n                <div class=\"card\" style=\"background-image: url(https:\/\/igiemmepackaging.it\/wp-content\/uploads\/2024\/05\/Imballi-1024x1024.png)\">\n                    <div class=\"card-body\">\n                        <a href=\"#emballages\" class=\"stretched-link scroll-to\" title=\"Emballages\">Emballages<\/a>\n                    <\/div>\n                <\/div>\n            <\/div>\n                    <div class=\"col-sm-6 col-lg-3\">\n                <div class=\"card\" style=\"background-image: url(https:\/\/igiemmepackaging.it\/wp-content\/uploads\/2024\/05\/Astucci-1024x1024.png)\">\n                    <div class=\"card-body\">\n                        <a href=\"#etuis\" class=\"stretched-link scroll-to\" title=\"\u00c9tuis\">\u00c9tuis<\/a>\n                    <\/div>\n                <\/div>\n            <\/div>\n                    <div class=\"col-sm-6 col-lg-3\">\n                <div class=\"card\" style=\"background-image: url(https:\/\/igiemmepackaging.it\/wp-content\/uploads\/2024\/05\/Appendini-1024x1024.png)\">\n                    <div class=\"card-body\">\n                        <a href=\"#crochets\" class=\"stretched-link scroll-to\" title=\"Crochets\">Crochets<\/a>\n                    <\/div>\n                <\/div>\n            <\/div>\n            <\/div>\n<\/section>\n\n\n\n<div style=\"height:300px\" aria-hidden=\"true\" class=\"wp-block-spacer\"><\/div>\n\n\n\n<div class=\"wp-block-columns\">\n<div class=\"wp-block-column\"><div id=\"presentoirs\" class=\"igm-contentbox\">\n    <h2 class=\"igm-contentbox-header collapsed\" id=\"igm-contentbox-header-block_66190040d2cc8\" type=\"button\" data-bs-toggle=\"collapse\" data-bs-target=\"#igm-contentbox-content-block_66190040d2cc8\" aria-expanded=\"false\" aria-controls=\"igm-contentbox-content-block_66190040d2cc8\">\n                Pr\u00e9sentoirs    <\/h2>\n    <div id=\"igm-contentbox-content-block_66190040d2cc8\" class=\"collapse\" aria-labelledby=\"igm-contentbox-header-block_66190040d2cc8\">\n        <p>Mettez en valeur vos produits industriels avec nos pr\u00e9sentoirs en carton. Polyvalents et \u00e9cologiques, ils offrent une pr\u00e9sentation professionnelle et durable. Optimisez l\u2019impact visuel de vos produits gr\u00e2ce \u00e0 des solutions personnalis\u00e9es et de haute qualit\u00e9.<\/p>\n    <\/div>\n<\/div>\n<\/div>\n\n\n\n<div class=\"wp-block-column\"><aside id=\"banner-contact-block_6618fe2438efd\" class=\"banner-contact\">\n    <h4>\n        Vous voulez plus d&rsquo;informations sur ce produit ?    <\/h4>\n    <a class=\"scroll-to btn btn-outline-dark\" data-bs-toggle=\"collapse\" href=\"#collapseContactform\" aria-expanded=\"false\" aria-controls=\"collapseContactform\">Nous contacter<\/a>\n<\/aside>\n<\/div>\n<\/div>\n\n\n\n<div style=\"height:100px\" aria-hidden=\"true\" class=\"wp-block-spacer\"><\/div>\n\n\n\n            <section class=\"simple-carousel block-carousel\">\n            <div class=\"swiper\">\n                <div class=\"swiper-wrapper\">\n                                            <div class=\"swiper-slide\">\n                                                            <img decoding=\"async\" src=\"https:\/\/igiemmepackaging.it\/wp-content\/uploads\/2024\/05\/Espositore_178_bottiglie.png\" \/>\n                                                    <\/div>\n                                            <div class=\"swiper-slide\">\n                                                            <img decoding=\"async\" src=\"https:\/\/igiemmepackaging.it\/wp-content\/uploads\/2024\/05\/Espositore_Agrinsalento.png\" \/>\n                                                    <\/div>\n                                            <div class=\"swiper-slide\">\n                                                            <img decoding=\"async\" src=\"https:\/\/igiemmepackaging.it\/wp-content\/uploads\/2024\/05\/Display_da_banco.png\" \/>\n                                                    <\/div>\n                                    <\/div>\n            <\/div>\n        <\/section>\n    \n\n\n<div style=\"height:100px\" aria-hidden=\"true\" class=\"wp-block-spacer\"><\/div>\n\n\n\n<div class=\"wp-block-columns\">\n<div class=\"wp-block-column\"><div id=\"emballages\" class=\"igm-contentbox\">\n    <h2 class=\"igm-contentbox-header collapsed\" id=\"igm-contentbox-header-block_66190024d2cc7\" type=\"button\" data-bs-toggle=\"collapse\" data-bs-target=\"#igm-contentbox-content-block_66190024d2cc7\" aria-expanded=\"false\" aria-controls=\"igm-contentbox-content-block_66190024d2cc7\">\n                Emballages    <\/h2>\n    <div id=\"igm-contentbox-content-block_66190024d2cc7\" class=\"collapse\" aria-labelledby=\"igm-contentbox-header-block_66190024d2cc7\">\n        <p>Nos emballages en carton allient r\u00e9sistance et polyvalence pour assurer une protection fiable lors du transport et du stockage de vos produits industriels. En choisissant nos emballages, vous b\u00e9n\u00e9ficiez d\u2019une pr\u00e9sentation professionnelle et d\u2019une gestion logistique efficace.<\/p>\n    <\/div>\n<\/div>\n<\/div>\n\n\n\n<div class=\"wp-block-column\"><aside id=\"banner-contact-block_6618fe2438efd\" class=\"banner-contact\">\n    <h4>\n        Vous voulez plus d&rsquo;informations sur ce produit ?    <\/h4>\n    <a class=\"scroll-to btn btn-outline-dark\" data-bs-toggle=\"collapse\" href=\"#collapseContactform\" aria-expanded=\"false\" aria-controls=\"collapseContactform\">Nous contacter<\/a>\n<\/aside>\n<\/div>\n<\/div>\n\n\n\n<div style=\"height:100px\" aria-hidden=\"true\" class=\"wp-block-spacer\"><\/div>\n\n\n\n            <section class=\"simple-carousel block-carousel\">\n            <div class=\"swiper\">\n                <div class=\"swiper-wrapper\">\n                                            <div class=\"swiper-slide\">\n                                                            <img decoding=\"async\" src=\"https:\/\/igiemmepackaging.it\/wp-content\/uploads\/2024\/05\/Valigetta_327x250x140.png\" \/>\n                                                    <\/div>\n                                            <div class=\"swiper-slide\">\n                                                            <img decoding=\"async\" src=\"https:\/\/igiemmepackaging.it\/wp-content\/uploads\/2024\/05\/Scatola-microonda-165x105x60.png\" \/>\n                                                    <\/div>\n                                            <div class=\"swiper-slide\">\n                                                            <img decoding=\"async\" src=\"https:\/\/igiemmepackaging.it\/wp-content\/uploads\/2024\/05\/Ecommerce.png\" \/>\n                                                    <\/div>\n                                            <div class=\"swiper-slide\">\n                                                            <img decoding=\"async\" src=\"https:\/\/igiemmepackaging.it\/wp-content\/uploads\/2024\/05\/Imballo_alveare_a_scatto.png\" \/>\n                                                    <\/div>\n                                    <\/div>\n            <\/div>\n        <\/section>\n    \n\n\n<div style=\"height:100px\" aria-hidden=\"true\" class=\"wp-block-spacer\"><\/div>\n\n\n\n<div class=\"wp-block-columns\">\n<div class=\"wp-block-column\"><div id=\"etuis\" class=\"igm-contentbox\">\n    <h2 class=\"igm-contentbox-header collapsed\" id=\"igm-contentbox-header-block_66190181faef5\" type=\"button\" data-bs-toggle=\"collapse\" data-bs-target=\"#igm-contentbox-content-block_66190181faef5\" aria-expanded=\"false\" aria-controls=\"igm-contentbox-content-block_66190181faef5\">\n                \u00c9tuis    <\/h2>\n    <div id=\"igm-contentbox-content-block_66190181faef5\" class=\"collapse\" aria-labelledby=\"igm-contentbox-header-block_66190181faef5\">\n        <p>Valorisez vos produits industriels avec nos \u00e9tuis en carton, alliant style et praticit\u00e9. Id\u00e9aux pour emballer et pr\u00e9senter vos produits de mani\u00e8re professionnelle, ils offrent une solution polyvalente et fonctionnelle pour vos besoins en packaging.<\/p>\n    <\/div>\n<\/div>\n<\/div>\n\n\n\n<div class=\"wp-block-column\"><aside id=\"banner-contact-block_6618fe2438efd\" class=\"banner-contact\">\n    <h4>\n        Vous voulez plus d&rsquo;informations sur ce produit ?    <\/h4>\n    <a class=\"scroll-to btn btn-outline-dark\" data-bs-toggle=\"collapse\" href=\"#collapseContactform\" aria-expanded=\"false\" aria-controls=\"collapseContactform\">Nous contacter<\/a>\n<\/aside>\n<\/div>\n<\/div>\n\n\n\n<div style=\"height:100px\" aria-hidden=\"true\" class=\"wp-block-spacer\"><\/div>\n\n\n\n            <section class=\"simple-carousel block-carousel\">\n            <div class=\"swiper\">\n                <div class=\"swiper-wrapper\">\n                                            <div class=\"swiper-slide\">\n                                                            <img decoding=\"async\" src=\"https:\/\/igiemmepackaging.it\/wp-content\/uploads\/2024\/05\/Astuccio_semplice-1.png\" \/>\n                                                    <\/div>\n                                            <div class=\"swiper-slide\">\n                                                            <img decoding=\"async\" src=\"https:\/\/igiemmepackaging.it\/wp-content\/uploads\/2024\/05\/Astuccio_Coda_di_Rondine-1.png\" \/>\n                                                    <\/div>\n                                    <\/div>\n            <\/div>\n        <\/section>\n    \n\n\n<div style=\"height:100px\" aria-hidden=\"true\" class=\"wp-block-spacer\"><\/div>\n\n\n\n<div class=\"wp-block-columns\">\n<div class=\"wp-block-column\"><div id=\"crochets\" class=\"igm-contentbox\">\n    <h2 class=\"igm-contentbox-header collapsed\" id=\"igm-contentbox-header-block_6619027dfaef7\" type=\"button\" data-bs-toggle=\"collapse\" data-bs-target=\"#igm-contentbox-content-block_6619027dfaef7\" aria-expanded=\"false\" aria-controls=\"igm-contentbox-content-block_6619027dfaef7\">\n                Crochets    <\/h2>\n    <div id=\"igm-contentbox-content-block_6619027dfaef7\" class=\"collapse\" aria-labelledby=\"igm-contentbox-header-block_6619027dfaef7\">\n        <p>Gardez vos produits industriels organis\u00e9s et pr\u00eats \u00e0 \u00eatre pr\u00e9sent\u00e9s gr\u00e2ce \u00e0 nos crochets de haute qualit\u00e9. Con\u00e7us pour la solidit\u00e9 et la fonctionnalit\u00e9, nos crochets offrent un moyen efficace d\u2019exposer et de conserver vos produits en toute s\u00e9curit\u00e9 et avec professionnalisme.<\/p>\n    <\/div>\n<\/div>\n<\/div>\n\n\n\n<div class=\"wp-block-column\"><aside id=\"banner-contact-block_6618fe2438efd\" class=\"banner-contact\">\n    <h4>\n        Vous voulez plus d&rsquo;informations sur ce produit ?    <\/h4>\n    <a class=\"scroll-to btn btn-outline-dark\" data-bs-toggle=\"collapse\" href=\"#collapseContactform\" aria-expanded=\"false\" aria-controls=\"collapseContactform\">Nous contacter<\/a>\n<\/aside>\n<\/div>\n<\/div>\n\n\n\n<div style=\"height:100px\" aria-hidden=\"true\" class=\"wp-block-spacer\"><\/div>\n\n\n\n            <section class=\"simple-carousel block-carousel\">\n            <div class=\"swiper\">\n                <div class=\"swiper-wrapper\">\n                                            <div class=\"swiper-slide\">\n                                                            <img decoding=\"async\" src=\"https:\/\/igiemmepackaging.it\/wp-content\/uploads\/2024\/05\/Cartellino_5-1.png\" \/>\n                                                    <\/div>\n                                            <div class=\"swiper-slide\">\n                                                            <img decoding=\"async\" src=\"https:\/\/igiemmepackaging.it\/wp-content\/uploads\/2024\/05\/Cartellino_4-1.png\" \/>\n                                                    <\/div>\n                                            <div class=\"swiper-slide\">\n                                                            <img decoding=\"async\" src=\"https:\/\/igiemmepackaging.it\/wp-content\/uploads\/2024\/05\/Cartellino_3-1.png\" \/>\n                                                    <\/div>\n                                            <div class=\"swiper-slide\">\n                                                            <img decoding=\"async\" src=\"https:\/\/igiemmepackaging.it\/wp-content\/uploads\/2024\/05\/Cartellino_2-1.png\" \/>\n                                                    <\/div>\n                                            <div class=\"swiper-slide\">\n                                                            <img decoding=\"async\" src=\"https:\/\/igiemmepackaging.it\/wp-content\/uploads\/2024\/05\/Cartellino_1-1.png\" \/>\n                                                    <\/div>\n                                    <\/div>\n            <\/div>\n        <\/section>\n    ","protected":false},"excerpt":{"rendered":"","protected":false},"author":2,"featured_media":2584,"parent":0,"menu_order":0,"comment_status":"closed","ping_status":"closed","template":"page-landing.php","meta":{"footnotes":""},"class_list":["post-3162","page","type-page","status-publish","has-post-thumbnail","hentry"],"yoast_head":"<!-- This site is optimized with the Yoast SEO plugin v26.0 - https:\/\/yoast.com\/wordpress\/plugins\/seo\/ -->\n<title>Packaging industriel - Igiemme<\/title>\n<meta name=\"robots\" content=\"index, follow, max-snippet:-1, max-image-preview:large, max-video-preview:-1\" \/>\n<link rel=\"canonical\" href=\"https:\/\/igiemmepackaging.it\/fr\/packaging-industriel\/\" \/>\n<meta property=\"og:locale\" content=\"fr_FR\" \/>\n<meta property=\"og:type\" content=\"article\" \/>\n<meta property=\"og:title\" content=\"Packaging industriel - Igiemme\" \/>\n<meta property=\"og:url\" content=\"https:\/\/igiemmepackaging.it\/fr\/packaging-industriel\/\" \/>\n<meta property=\"og:site_name\" content=\"Igiemme\" \/>\n<meta property=\"article:modified_time\" content=\"2025-09-26T11:08:41+00:00\" \/>\n<meta property=\"og:image\" content=\"https:\/\/igiemmepackaging.it\/wp-content\/uploads\/2024\/06\/IndustrialPack.jpg\" \/>\n\t<meta property=\"og:image:width\" content=\"2000\" \/>\n\t<meta property=\"og:image:height\" content=\"857\" \/>\n\t<meta property=\"og:image:type\" content=\"image\/jpeg\" \/>\n<meta name=\"twitter:card\" content=\"summary_large_image\" \/>\n<meta name=\"twitter:label1\" content=\"Dur\u00e9e de lecture estim\u00e9e\" \/>\n\t<meta name=\"twitter:data1\" content=\"1 minute\" \/>\n<script type=\"application\/ld+json\" class=\"yoast-schema-graph\">{\"@context\":\"https:\/\/schema.org\",\"@graph\":[{\"@type\":\"WebPage\",\"@id\":\"https:\/\/igiemmepackaging.it\/fr\/packaging-industriel\/\",\"url\":\"https:\/\/igiemmepackaging.it\/fr\/packaging-industriel\/\",\"name\":\"Packaging industriel - Igiemme\",\"isPartOf\":{\"@id\":\"https:\/\/igiemmepackaging.it\/fr\/#website\"},\"primaryImageOfPage\":{\"@id\":\"https:\/\/igiemmepackaging.it\/fr\/packaging-industriel\/#primaryimage\"},\"image\":{\"@id\":\"https:\/\/igiemmepackaging.it\/fr\/packaging-industriel\/#primaryimage\"},\"thumbnailUrl\":\"https:\/\/igiemmepackaging.it\/wp-content\/uploads\/2024\/06\/IndustrialPack.jpg\",\"datePublished\":\"2024-04-12T09:09:46+00:00\",\"dateModified\":\"2025-09-26T11:08:41+00:00\",\"breadcrumb\":{\"@id\":\"https:\/\/igiemmepackaging.it\/fr\/packaging-industriel\/#breadcrumb\"},\"inLanguage\":\"fr-FR\",\"potentialAction\":[{\"@type\":\"ReadAction\",\"target\":[\"https:\/\/igiemmepackaging.it\/fr\/packaging-industriel\/\"]}]},{\"@type\":\"ImageObject\",\"inLanguage\":\"fr-FR\",\"@id\":\"https:\/\/igiemmepackaging.it\/fr\/packaging-industriel\/#primaryimage\",\"url\":\"https:\/\/igiemmepackaging.it\/wp-content\/uploads\/2024\/06\/IndustrialPack.jpg\",\"contentUrl\":\"https:\/\/igiemmepackaging.it\/wp-content\/uploads\/2024\/06\/IndustrialPack.jpg\",\"width\":2000,\"height\":857},{\"@type\":\"BreadcrumbList\",\"@id\":\"https:\/\/igiemmepackaging.it\/fr\/packaging-industriel\/#breadcrumb\",\"itemListElement\":[{\"@type\":\"ListItem\",\"position\":1,\"name\":\"Home\",\"item\":\"https:\/\/igiemmepackaging.it\/fr\/\"},{\"@type\":\"ListItem\",\"position\":2,\"name\":\"Packaging industriel\"}]},{\"@type\":\"WebSite\",\"@id\":\"https:\/\/igiemmepackaging.it\/fr\/#website\",\"url\":\"https:\/\/igiemmepackaging.it\/fr\/\",\"name\":\"Igiemme\",\"description\":\"Packaging\",\"potentialAction\":[{\"@type\":\"SearchAction\",\"target\":{\"@type\":\"EntryPoint\",\"urlTemplate\":\"https:\/\/igiemmepackaging.it\/fr\/?s={search_term_string}\"},\"query-input\":{\"@type\":\"PropertyValueSpecification\",\"valueRequired\":true,\"valueName\":\"search_term_string\"}}],\"inLanguage\":\"fr-FR\"}]}<\/script>\n<!-- \/ Yoast SEO plugin. -->","yoast_head_json":{"title":"Packaging industriel - Igiemme","robots":{"index":"index","follow":"follow","max-snippet":"max-snippet:-1","max-image-preview":"max-image-preview:large","max-video-preview":"max-video-preview:-1"},"canonical":"https:\/\/igiemmepackaging.it\/fr\/packaging-industriel\/","og_locale":"fr_FR","og_type":"article","og_title":"Packaging industriel - Igiemme","og_url":"https:\/\/igiemmepackaging.it\/fr\/packaging-industriel\/","og_site_name":"Igiemme","article_modified_time":"2025-09-26T11:08:41+00:00","og_image":[{"width":2000,"height":857,"url":"https:\/\/igiemmepackaging.it\/wp-content\/uploads\/2024\/06\/IndustrialPack.jpg","type":"image\/jpeg"}],"twitter_card":"summary_large_image","twitter_misc":{"Dur\u00e9e de lecture estim\u00e9e":"1 minute"},"schema":{"@context":"https:\/\/schema.org","@graph":[{"@type":"WebPage","@id":"https:\/\/igiemmepackaging.it\/fr\/packaging-industriel\/","url":"https:\/\/igiemmepackaging.it\/fr\/packaging-industriel\/","name":"Packaging industriel - Igiemme","isPartOf":{"@id":"https:\/\/igiemmepackaging.it\/fr\/#website"},"primaryImageOfPage":{"@id":"https:\/\/igiemmepackaging.it\/fr\/packaging-industriel\/#primaryimage"},"image":{"@id":"https:\/\/igiemmepackaging.it\/fr\/packaging-industriel\/#primaryimage"},"thumbnailUrl":"https:\/\/igiemmepackaging.it\/wp-content\/uploads\/2024\/06\/IndustrialPack.jpg","datePublished":"2024-04-12T09:09:46+00:00","dateModified":"2025-09-26T11:08:41+00:00","breadcrumb":{"@id":"https:\/\/igiemmepackaging.it\/fr\/packaging-industriel\/#breadcrumb"},"inLanguage":"fr-FR","potentialAction":[{"@type":"ReadAction","target":["https:\/\/igiemmepackaging.it\/fr\/packaging-industriel\/"]}]},{"@type":"ImageObject","inLanguage":"fr-FR","@id":"https:\/\/igiemmepackaging.it\/fr\/packaging-industriel\/#primaryimage","url":"https:\/\/igiemmepackaging.it\/wp-content\/uploads\/2024\/06\/IndustrialPack.jpg","contentUrl":"https:\/\/igiemmepackaging.it\/wp-content\/uploads\/2024\/06\/IndustrialPack.jpg","width":2000,"height":857},{"@type":"BreadcrumbList","@id":"https:\/\/igiemmepackaging.it\/fr\/packaging-industriel\/#breadcrumb","itemListElement":[{"@type":"ListItem","position":1,"name":"Home","item":"https:\/\/igiemmepackaging.it\/fr\/"},{"@type":"ListItem","position":2,"name":"Packaging industriel"}]},{"@type":"WebSite","@id":"https:\/\/igiemmepackaging.it\/fr\/#website","url":"https:\/\/igiemmepackaging.it\/fr\/","name":"Igiemme","description":"Packaging","potentialAction":[{"@type":"SearchAction","target":{"@type":"EntryPoint","urlTemplate":"https:\/\/igiemmepackaging.it\/fr\/?s={search_term_string}"},"query-input":{"@type":"PropertyValueSpecification","valueRequired":true,"valueName":"search_term_string"}}],"inLanguage":"fr-FR"}]}},"acf":[],"_links":{"self":[{"href":"https:\/\/igiemmepackaging.it\/fr\/wp-json\/wp\/v2\/pages\/3162","targetHints":{"allow":["GET"]}}],"collection":[{"href":"https:\/\/igiemmepackaging.it\/fr\/wp-json\/wp\/v2\/pages"}],"about":[{"href":"https:\/\/igiemmepackaging.it\/fr\/wp-json\/wp\/v2\/types\/page"}],"author":[{"embeddable":true,"href":"https:\/\/igiemmepackaging.it\/fr\/wp-json\/wp\/v2\/users\/2"}],"replies":[{"embeddable":true,"href":"https:\/\/igiemmepackaging.it\/fr\/wp-json\/wp\/v2\/comments?post=3162"}],"version-history":[{"count":7,"href":"https:\/\/igiemmepackaging.it\/fr\/wp-json\/wp\/v2\/pages\/3162\/revisions"}],"predecessor-version":[{"id":3184,"href":"https:\/\/igiemmepackaging.it\/fr\/wp-json\/wp\/v2\/pages\/3162\/revisions\/3184"}],"wp:featuredmedia":[{"embeddable":true,"href":"https:\/\/igiemmepackaging.it\/fr\/wp-json\/wp\/v2\/media\/2584"}],"wp:attachment":[{"href":"https:\/\/igiemmepackaging.it\/fr\/wp-json\/wp\/v2\/media?parent=3162"}],"curies":[{"name":"wp","href":"https:\/\/api.w.org\/{rel}","templated":true}]}}